{"id":533,"date":"2024-04-15T11:28:01","date_gmt":"2024-04-15T09:28:01","guid":{"rendered":"https:\/\/wboxpatrol.n1soft.hu\/?page_id=533"},"modified":"2024-04-30T06:48:22","modified_gmt":"2024-04-30T04:48:22","slug":"gps-nyomkovetes","status":"publish","type":"page","link":"https:\/\/n1soft.hu\/index.php\/gps-nyomkovetes\/","title":{"rendered":"GPS nyomk\u00f6vet\u00e9s"},"content":{"rendered":"\t\t<div data-elementor-type=\"wp-page\" data-elementor-id=\"533\" class=\"elementor elementor-533\">\n\t\t\t\t<div class=\"elementor-element elementor-element-2562e88 e-con-full e-flex e-con e-parent\" data-id=\"2562e88\" data-element_type=\"container\" data-settings=\"{&quot;background_background&quot;:&quot;classic&quot;}\" data-core-v316-plus=\"true\">\n\t\t\t\t<div class=\"elementor-element elementor-element-e426c7c elementor-widget__width-inherit elementor-absolute elementor-icon-list--layout-traditional elementor-list-item-link-full_width elementor-widget elementor-widget-icon-list\" data-id=\"e426c7c\" data-element_type=\"widget\" data-settings=\"{&quot;_position&quot;:&quot;absolute&quot;}\" data-widget_type=\"icon-list.default\">\n\t\t\t\t<div class=\"elementor-widget-container\">\n\t\t\t<link rel=\"stylesheet\" href=\"https:\/\/n1soft.hu\/wp-content\/plugins\/elementor\/assets\/css\/widget-icon-list.min.css\">\t\t<ul class=\"elementor-icon-list-items\">\n\t\t\t\t\t\t\t<li class=\"elementor-icon-list-item\">\n\t\t\t\t\t\t\t\t\t\t\t<span class=\"elementor-icon-list-icon\">\n\t\t\t\t\t\t\t<svg aria-hidden=\"true\" class=\"e-font-icon-svg e-fas-check-circle\" viewBox=\"0 0 512 512\" xmlns=\"http:\/\/www.w3.org\/2000\/svg\"><path d=\"M504 256c0 136.967-111.033 248-248 248S8 392.967 8 256 119.033 8 256 8s248 111.033 248 248zM227.314 387.314l184-184c6.248-6.248 6.248-16.379 0-22.627l-22.627-22.627c-6.248-6.249-16.379-6.249-22.628 0L216 308.118l-70.059-70.059c-6.248-6.248-16.379-6.248-22.628 0l-22.627 22.627c-6.248 6.248-6.248 16.379 0 22.627l104 104c6.249 6.249 16.379 6.249 22.628.001z\"><\/path><\/svg>\t\t\t\t\t\t<\/span>\n\t\t\t\t\t\t\t\t\t\t<span class=\"elementor-icon-list-text\">GPS nyomk\u00f6vet\u00e9s<\/span>\n\t\t\t\t\t\t\t\t\t<\/li>\n\t\t\t\t\t\t\t\t<li class=\"elementor-icon-list-item\">\n\t\t\t\t\t\t\t\t\t\t\t<span class=\"elementor-icon-list-icon\">\n\t\t\t\t\t\t\t<svg aria-hidden=\"true\" class=\"e-font-icon-svg e-fas-check-circle\" viewBox=\"0 0 512 512\" xmlns=\"http:\/\/www.w3.org\/2000\/svg\"><path d=\"M504 256c0 136.967-111.033 248-248 248S8 392.967 8 256 119.033 8 256 8s248 111.033 248 248zM227.314 387.314l184-184c6.248-6.248 6.248-16.379 0-22.627l-22.627-22.627c-6.248-6.249-16.379-6.249-22.628 0L216 308.118l-70.059-70.059c-6.248-6.248-16.379-6.248-22.628 0l-22.627 22.627c-6.248 6.248-6.248 16.379 0 22.627l104 104c6.249 6.249 16.379 6.249 22.628.001z\"><\/path><\/svg>\t\t\t\t\t\t<\/span>\n\t\t\t\t\t\t\t\t\t\t<span class=\"elementor-icon-list-text\">\u0150rj\u00e1rat ellen\u0151rz\u0151<\/span>\n\t\t\t\t\t\t\t\t\t<\/li>\n\t\t\t\t\t\t<\/ul>\n\t\t\t\t<\/div>\n\t\t\t\t<\/div>\n\t\t\t\t<\/div>\n\t\t<div class=\"elementor-element elementor-element-499728e e-flex e-con-boxed e-con e-parent\" data-id=\"499728e\" data-element_type=\"container\" data-core-v316-plus=\"true\">\n\t\t\t\t\t<div class=\"e-con-inner\">\n\t\t<div class=\"elementor-element elementor-element-d472838 e-con-full e-flex e-con e-child\" data-id=\"d472838\" data-element_type=\"container\">\n\t\t\t\t<div class=\"elementor-element elementor-element-3da72bf elementor-widget elementor-widget-heading\" data-id=\"3da72bf\" data-element_type=\"widget\" data-widget_type=\"heading.default\">\n\t\t\t\t<div class=\"elementor-widget-container\">\n\t\t\t<style>\/*! elementor - v3.20.0 - 10-04-2024 *\/\n.elementor-heading-title{padding:0;margin:0;line-height:1}.elementor-widget-heading .elementor-heading-title[class*=elementor-size-]>a{color:inherit;font-size:inherit;line-height:inherit}.elementor-widget-heading .elementor-heading-title.elementor-size-small{font-size:15px}.elementor-widget-heading .elementor-heading-title.elementor-size-medium{font-size:19px}.elementor-widget-heading .elementor-heading-title.elementor-size-large{font-size:29px}.elementor-widget-heading .elementor-heading-title.elementor-size-xl{font-size:39px}.elementor-widget-heading .elementor-heading-title.elementor-size-xxl{font-size:59px}<\/style><h2 class=\"elementor-heading-title elementor-size-default\">GPS nyomk\u00f6vet\u00e9s<\/h2>\t\t<\/div>\n\t\t\t\t<\/div>\n\t\t\t\t<div class=\"elementor-element elementor-element-3567939 elementor-widget elementor-widget-text-editor\" data-id=\"3567939\" data-element_type=\"widget\" data-widget_type=\"text-editor.default\">\n\t\t\t\t<div class=\"elementor-widget-container\">\n\t\t\t<style>\/*! elementor - v3.20.0 - 10-04-2024 *\/\n.elementor-widget-text-editor.elementor-drop-cap-view-stacked .elementor-drop-cap{background-color:#69727d;color:#fff}.elementor-widget-text-editor.elementor-drop-cap-view-framed .elementor-drop-cap{color:#69727d;border:3px solid;background-color:transparent}.elementor-widget-text-editor:not(.elementor-drop-cap-view-default) .elementor-drop-cap{margin-top:8px}.elementor-widget-text-editor:not(.elementor-drop-cap-view-default) .elementor-drop-cap-letter{width:1em;height:1em}.elementor-widget-text-editor .elementor-drop-cap{float:left;text-align:center;line-height:1;font-size:50px}.elementor-widget-text-editor .elementor-drop-cap-letter{display:inline-block}<\/style>\t\t\t\t<p>A wBox2000 rendszer tartalmazhat egy val\u00f3s idej\u0171 GPS nyomk\u00f6vet\u0151 modult is, amely a <strong>wBoxOpen Androidos alkalmaz\u00e1st<\/strong> futtat\u00f3 eszk\u00f6z\u00f6k helyzet\u00e9t k\u00e9pes r\u00f6gz\u00edteni, k\u00f6vetni.<\/p><p>A GPS funkci\u00f3 haszn\u00e1lata eset\u00e9n szolg\u00e1ltat\u00e1sk\u00e9nt saj\u00e1t felh\u0151 alap\u00fa szerver\u00fcnk is haszn\u00e1lhat\u00f3, de az adatokat az \u00d6n saj\u00e1t szervere is t\u00e1rolhatja, \u00edgy a rendszer egyszeri megv\u00e1s\u00e1rl\u00e1sa ut\u00e1n m\u00e1r havid\u00edj \u00e9s k\u00f6lts\u00e9gmentes. Szerverk\u00e9nt ak\u00e1r egy irodai PC is megfelel\u0151 lehet.<\/p><p>Nagyon kis havi internet forgalmat gener\u00e1l, eg\u00e9sz napos m\u0171k\u00f6d\u00e9s eset\u00e9n is csak havi n\u00e9h\u00e1ny megab\u00e1jt! A rendelkez\u00e9sre \u00e1ll\u00f3 funkci\u00f3k, el\u00e9r\u00e9s\u00fckh\u00f6z csak egy b\u00f6ng\u00e9sz\u0151 sz\u00fcks\u00e9ges:<\/p><ul><li>Val\u00f3sidej\u0171 nyomk\u00f6vet\u00e9s, szem\u00e9ly vagy g\u00e9pj\u00e1rm\u0171 pillanatnyi helyzet\u00e9t, sebess\u00e9g\u00e9t mutatja.<\/li><li>\u00datvonal kijelz\u00e9se, egy megadott id\u0151intervallumon bel\u00fcl megrajzolja a bej\u00e1rt \u00fatvonalat. Alkalmas \u0151rj\u00e1rat ellen\u0151rz\u00e9s c\u00e9ljaira, a j\u00e1r\u0151r a k\u00edv\u00e1nt helyekr\u0151l jelz\u00e9st k\u00fcldhet.<\/li><li>K\u00fcld\u00f6tt helyadat, a wBoxOpen alkalmaz\u00e1sban a helyadat k\u00fcld\u00e9se gombot haszn\u00e1lva elk\u00fcldi a pillanatnyi koordin\u00e1t\u00e1t, t\u00e1rolva ezzel egy adott pillanatban a helyzetet. A funkci\u00f3 igazol\u00e1sul haszn\u00e1lhat\u00f3, hogy megjelent a dolgoz\u00f3 egy adott helyen (pl. \u0151rj\u00e1rat ellen\u0151rz\u00e9s).<\/li><\/ul><p>A wBoxOpen Android alkalmaz\u00e1sban a fenti funkci\u00f3k integr\u00e1lva vannak a bel\u00e9ptet\u0151 \u00e9s munkaid\u0151 nyilv\u00e1ntart\u00f3 funkci\u00f3kkal, de csak a GPS funkci\u00f3 is haszn\u00e1lhat\u00f3. T\u00f6bb telephely is kezelhet\u0151 az alkalmaz\u00e1ssal.<\/p>\t\t\t\t\t\t<\/div>\n\t\t\t\t<\/div>\n\t\t<div class=\"elementor-element elementor-element-6513fc1 e-con-full e-flex e-con e-child\" data-id=\"6513fc1\" data-element_type=\"container\">\n\t\t\t\t<div class=\"elementor-element elementor-element-a2e779b elementor-widget__width-initial elementor-widget elementor-widget-image\" data-id=\"a2e779b\" data-element_type=\"widget\" data-widget_type=\"image.default\">\n\t\t\t\t<div class=\"elementor-widget-container\">\n\t\t\t<style>\/*! elementor - v3.20.0 - 10-04-2024 *\/\n.elementor-widget-image{text-align:center}.elementor-widget-image a{display:inline-block}.elementor-widget-image a img[src$=\".svg\"]{width:48px}.elementor-widget-image img{vertical-align:middle;display:inline-block}<\/style>\t\t\t\t\t\t\t\t\t\t<img fetchpriority=\"high\" decoding=\"async\" width=\"397\" height=\"808\" src=\"https:\/\/n1soft.hu\/wp-content\/uploads\/2024\/04\/wboxopen-munkaido.jpg\" class=\"attachment-large size-large wp-image-863\" alt=\"\" srcset=\"https:\/\/n1soft.hu\/wp-content\/uploads\/2024\/04\/wboxopen-munkaido.jpg 397w, https:\/\/n1soft.hu\/wp-content\/uploads\/2024\/04\/wboxopen-munkaido-147x300.jpg 147w\" sizes=\"(max-width: 397px) 100vw, 397px\" \/>\t\t\t\t\t\t\t\t\t\t\t\t\t<\/div>\n\t\t\t\t<\/div>\n\t\t\t\t<div class=\"elementor-element elementor-element-32ce1ac elementor-widget__width-initial elementor-widget elementor-widget-image\" data-id=\"32ce1ac\" data-element_type=\"widget\" data-widget_type=\"image.default\">\n\t\t\t\t<div class=\"elementor-widget-container\">\n\t\t\t\t\t\t\t\t\t\t\t\t\t<img decoding=\"async\" width=\"250\" height=\"509\" src=\"https:\/\/n1soft.hu\/wp-content\/uploads\/2024\/04\/wboxopen.png\" class=\"attachment-large size-large wp-image-600\" alt=\"\" srcset=\"https:\/\/n1soft.hu\/wp-content\/uploads\/2024\/04\/wboxopen.png 250w, https:\/\/n1soft.hu\/wp-content\/uploads\/2024\/04\/wboxopen-147x300.png 147w\" sizes=\"(max-width: 250px) 100vw, 250px\" \/>\t\t\t\t\t\t\t\t\t\t\t\t\t<\/div>\n\t\t\t\t<\/div>\n\t\t\t\t<div class=\"elementor-element elementor-element-bf814b1 elementor-widget__width-initial elementor-widget elementor-widget-image\" data-id=\"bf814b1\" data-element_type=\"widget\" data-widget_type=\"image.default\">\n\t\t\t\t<div class=\"elementor-widget-container\">\n\t\t\t\t\t\t\t\t\t\t\t\t\t<img decoding=\"async\" width=\"397\" height=\"444\" src=\"https:\/\/n1soft.hu\/wp-content\/uploads\/2024\/04\/wboxopen-helyek.png\" class=\"attachment-large size-large wp-image-864\" alt=\"\" srcset=\"https:\/\/n1soft.hu\/wp-content\/uploads\/2024\/04\/wboxopen-helyek.png 397w, https:\/\/n1soft.hu\/wp-content\/uploads\/2024\/04\/wboxopen-helyek-268x300.png 268w\" sizes=\"(max-width: 397px) 100vw, 397px\" \/>\t\t\t\t\t\t\t\t\t\t\t\t\t<\/div>\n\t\t\t\t<\/div>\n\t\t\t\t<\/div>\n\t\t\t\t<div class=\"elementor-element elementor-element-e6cafcc elementor-widget elementor-widget-text-editor\" data-id=\"e6cafcc\" data-element_type=\"widget\" data-widget_type=\"text-editor.default\">\n\t\t\t\t<div class=\"elementor-widget-container\">\n\t\t\t\t\t\t\t<p><span style=\"text-decoration: underline;\">Adatv\u00e9delmi megjegyz\u00e9s!<\/span><br \/><br \/>A <strong>wBoxOpen alkalmaz\u00e1s<\/strong> nem k\u00e9m program, a GPS adatk\u00fcld\u00e9st k\u00fcl\u00f6n enged\u00e9lyezend\u0151 az alkalmaz\u00e1s be\u00e1ll\u00edt\u00e1sai k\u00f6z\u00f6tt. Enged\u00e9ly eset\u00e9n az adattov\u00e1bb\u00edt\u00e1s is csak addig folyik, am\u00edg az alkalmaz\u00e1s fut, le\u00e1ll\u00edt\u00e1sa ut\u00e1n semmilyen adatot nem k\u00fcld, \u00e9s nem t\u00e1rol. Az adatok t\u00e1rol\u00e1sa az adatgy\u0171jt\u0151 oldalon szem\u00e9lyre szabva tilthat\u00f3 vagy enged\u00e9lyezhet\u0151.<\/p>\t\t\t\t\t\t<\/div>\n\t\t\t\t<\/div>\n\t\t\t\t<\/div>\n\t\t<div class=\"elementor-element elementor-element-86acf7a e-con-full e-flex e-con e-child\" data-id=\"86acf7a\" data-element_type=\"container\">\n\t\t\t\t<div class=\"elementor-element elementor-element-aedc39f animated-fast elementor-invisible elementor-widget elementor-widget-image\" data-id=\"aedc39f\" data-element_type=\"widget\" data-settings=\"{&quot;_animation&quot;:&quot;zoomIn&quot;}\" data-widget_type=\"image.default\">\n\t\t\t\t<div class=\"elementor-widget-container\">\n\t\t\t\t\t\t\t\t\t\t<figure class=\"wp-caption\">\n\t\t\t\t\t\t\t\t\t\t<img loading=\"lazy\" decoding=\"async\" width=\"440\" height=\"410\" src=\"https:\/\/n1soft.hu\/wp-content\/uploads\/2024\/04\/nyomkovetes.jpg\" class=\"attachment-large size-large wp-image-875\" alt=\"\" srcset=\"https:\/\/n1soft.hu\/wp-content\/uploads\/2024\/04\/nyomkovetes.jpg 440w, https:\/\/n1soft.hu\/wp-content\/uploads\/2024\/04\/nyomkovetes-300x280.jpg 300w\" sizes=\"(max-width: 440px) 100vw, 440px\" \/>\t\t\t\t\t\t\t\t\t\t\t<figcaption class=\"widget-image-caption wp-caption-text\">Pillanatnyi pozici\u00f3<\/figcaption>\n\t\t\t\t\t\t\t\t\t\t<\/figure>\n\t\t\t\t\t\t\t<\/div>\n\t\t\t\t<\/div>\n\t\t\t\t<div class=\"elementor-element elementor-element-be0889f animated-fast elementor-invisible elementor-widget elementor-widget-image\" data-id=\"be0889f\" data-element_type=\"widget\" data-settings=\"{&quot;_animation&quot;:&quot;zoomIn&quot;}\" data-widget_type=\"image.default\">\n\t\t\t\t<div class=\"elementor-widget-container\">\n\t\t\t\t\t\t\t\t\t\t<figure class=\"wp-caption\">\n\t\t\t\t\t\t\t\t\t\t<img loading=\"lazy\" decoding=\"async\" width=\"574\" height=\"454\" src=\"https:\/\/n1soft.hu\/wp-content\/uploads\/2024\/04\/utvonal.jpg\" class=\"attachment-large size-large wp-image-876\" alt=\"\" srcset=\"https:\/\/n1soft.hu\/wp-content\/uploads\/2024\/04\/utvonal.jpg 574w, https:\/\/n1soft.hu\/wp-content\/uploads\/2024\/04\/utvonal-300x237.jpg 300w\" sizes=\"(max-width: 574px) 100vw, 574px\" \/>\t\t\t\t\t\t\t\t\t\t\t<figcaption class=\"widget-image-caption wp-caption-text\">\u00datvonal<\/figcaption>\n\t\t\t\t\t\t\t\t\t\t<\/figure>\n\t\t\t\t\t\t\t<\/div>\n\t\t\t\t<\/div>\n\t\t\t\t<div class=\"elementor-element elementor-element-8b33318 animated-fast elementor-invisible elementor-widget elementor-widget-image\" data-id=\"8b33318\" data-element_type=\"widget\" data-settings=\"{&quot;_animation&quot;:&quot;zoomIn&quot;}\" data-widget_type=\"image.default\">\n\t\t\t\t<div class=\"elementor-widget-container\">\n\t\t\t\t\t\t\t\t\t\t<figure class=\"wp-caption\">\n\t\t\t\t\t\t\t\t\t\t<img loading=\"lazy\" decoding=\"async\" width=\"695\" height=\"611\" src=\"https:\/\/n1soft.hu\/wp-content\/uploads\/2024\/04\/kuldotthelyadat.jpg\" class=\"attachment-large size-large wp-image-874\" alt=\"\" srcset=\"https:\/\/n1soft.hu\/wp-content\/uploads\/2024\/04\/kuldotthelyadat.jpg 695w, https:\/\/n1soft.hu\/wp-content\/uploads\/2024\/04\/kuldotthelyadat-300x264.jpg 300w\" sizes=\"(max-width: 695px) 100vw, 695px\" \/>\t\t\t\t\t\t\t\t\t\t\t<figcaption class=\"widget-image-caption wp-caption-text\">Gombnyom\u00e1ssal k\u00fcld\u00f6tt helyadat<\/figcaption>\n\t\t\t\t\t\t\t\t\t\t<\/figure>\n\t\t\t\t\t\t\t<\/div>\n\t\t\t\t<\/div>\n\t\t\t\t<\/div>\n\t\t\t\t\t<\/div>\n\t\t\t\t<\/div>\n\t\t\t\t<\/div>\n\t\t","protected":false},"excerpt":{"rendered":"<p>GPS nyomk\u00f6vet\u00e9s \u0150rj\u00e1rat ellen\u0151rz\u0151 GPS nyomk\u00f6vet\u00e9s A wBox2000 rendszer tartalmazhat egy val\u00f3s idej\u0171 GPS nyomk\u00f6vet\u0151 modult is, amely a wBoxOpen Androidos alkalmaz\u00e1st futtat\u00f3 eszk\u00f6z\u00f6k helyzet\u00e9t k\u00e9pes r\u00f6gz\u00edteni, k\u00f6vetni. A GPS funkci\u00f3 haszn\u00e1lata eset\u00e9n szolg\u00e1ltat\u00e1sk\u00e9nt saj\u00e1t felh\u0151 alap\u00fa szerver\u00fcnk is haszn\u00e1lhat\u00f3, de az adatokat az \u00d6n saj\u00e1t szervere is t\u00e1rolhatja, \u00edgy a rendszer egyszeri megv\u00e1s\u00e1rl\u00e1sa ut\u00e1n [&hellip;]<\/p>\n","protected":false},"author":1,"featured_media":0,"parent":0,"menu_order":0,"comment_status":"closed","ping_status":"closed","template":"","meta":{"om_disable_all_campaigns":false,"_monsterinsights_skip_tracking":false,"_monsterinsights_sitenote_active":false,"_monsterinsights_sitenote_note":"","_monsterinsights_sitenote_category":0,"_uf_show_specific_survey":0,"_uf_disable_surveys":false,"ocean_post_layout":"full-screen","ocean_both_sidebars_style":"","ocean_both_sidebars_content_width":0,"ocean_both_sidebars_sidebars_width":0,"ocean_sidebar":"footer-one","ocean_second_sidebar":"","ocean_disable_margins":"on","ocean_add_body_class":"","ocean_shortcode_before_top_bar":"","ocean_shortcode_after_top_bar":"","ocean_shortcode_before_header":"","ocean_shortcode_after_header":"","ocean_has_shortcode":"","ocean_shortcode_after_title":"","ocean_shortcode_before_footer_widgets":"","ocean_shortcode_after_footer_widgets":"","ocean_shortcode_before_footer_bottom":"","ocean_shortcode_after_footer_bottom":"","ocean_display_top_bar":"off","ocean_display_header":"on","ocean_header_style":"","ocean_center_header_left_menu":"","ocean_custom_header_template":"","ocean_custom_logo":0,"ocean_custom_retina_logo":0,"ocean_custom_logo_max_width":0,"ocean_custom_logo_tablet_max_width":0,"ocean_custom_logo_mobile_max_width":0,"ocean_custom_logo_max_height":0,"ocean_custom_logo_tablet_max_height":0,"ocean_custom_logo_mobile_max_height":0,"ocean_header_custom_menu":"5","ocean_menu_typo_font_family":"Arial, Helvetica, sans-serif","ocean_menu_typo_font_subset":"","ocean_menu_typo_font_size":18,"ocean_menu_typo_font_size_tablet":0,"ocean_menu_typo_font_size_mobile":0,"ocean_menu_typo_font_size_unit":"px","ocean_menu_typo_font_weight":"","ocean_menu_typo_font_weight_tablet":"","ocean_menu_typo_font_weight_mobile":"","ocean_menu_typo_transform":"","ocean_menu_typo_transform_tablet":"","ocean_menu_typo_transform_mobile":"","ocean_menu_typo_line_height":40,"ocean_menu_typo_line_height_tablet":0,"ocean_menu_typo_line_height_mobile":0,"ocean_menu_typo_line_height_unit":"","ocean_menu_typo_spacing":0,"ocean_menu_typo_spacing_tablet":0,"ocean_menu_typo_spacing_mobile":0,"ocean_menu_typo_spacing_unit":"","ocean_menu_link_color":"","ocean_menu_link_color_hover":"","ocean_menu_link_color_active":"","ocean_menu_link_background":"","ocean_menu_link_hover_background":"","ocean_menu_link_active_background":"","ocean_menu_social_links_bg":"","ocean_menu_social_hover_links_bg":"","ocean_menu_social_links_color":"","ocean_menu_social_hover_links_color":"","ocean_disable_title":"on","ocean_disable_heading":"enable","ocean_post_title":"","ocean_post_subheading":"","ocean_post_title_style":"","ocean_post_title_background_color":"","ocean_post_title_background":0,"ocean_post_title_bg_image_position":"","ocean_post_title_bg_image_attachment":"","ocean_post_title_bg_image_repeat":"","ocean_post_title_bg_image_size":"","ocean_post_title_height":0,"ocean_post_title_bg_overlay":0.5,"ocean_post_title_bg_overlay_color":"","ocean_disable_breadcrumbs":"default","ocean_breadcrumbs_color":"","ocean_breadcrumbs_separator_color":"","ocean_breadcrumbs_links_color":"","ocean_breadcrumbs_links_hover_color":"","ocean_display_footer_widgets":"off","ocean_display_footer_bottom":"on","ocean_custom_footer_template":"","footnotes":""},"aioseo_notices":[],"_links":{"self":[{"href":"https:\/\/n1soft.hu\/index.php\/wp-json\/wp\/v2\/pages\/533"}],"collection":[{"href":"https:\/\/n1soft.hu\/index.php\/wp-json\/wp\/v2\/pages"}],"about":[{"href":"https:\/\/n1soft.hu\/index.php\/wp-json\/wp\/v2\/types\/page"}],"author":[{"embeddable":true,"href":"https:\/\/n1soft.hu\/index.php\/wp-json\/wp\/v2\/users\/1"}],"replies":[{"embeddable":true,"href":"https:\/\/n1soft.hu\/index.php\/wp-json\/wp\/v2\/comments?post=533"}],"version-history":[{"count":49,"href":"https:\/\/n1soft.hu\/index.php\/wp-json\/wp\/v2\/pages\/533\/revisions"}],"predecessor-version":[{"id":1031,"href":"https:\/\/n1soft.hu\/index.php\/wp-json\/wp\/v2\/pages\/533\/revisions\/1031"}],"wp:attachment":[{"href":"https:\/\/n1soft.hu\/index.php\/wp-json\/wp\/v2\/media?parent=533"}],"curies":[{"name":"wp","href":"https:\/\/api.w.org\/{rel}","templated":true}]}}