{"id":531,"date":"2024-04-15T11:27:29","date_gmt":"2024-04-15T09:27:29","guid":{"rendered":"https:\/\/wboxpatrol.n1soft.hu\/?page_id=531"},"modified":"2024-04-30T06:50:15","modified_gmt":"2024-04-30T04:50:15","slug":"riaszto-kamera","status":"publish","type":"page","link":"https:\/\/n1soft.hu\/index.php\/riaszto-kamera\/","title":{"rendered":"Riaszt\u00f3 &#8211; Kamera"},"content":{"rendered":"\t\t<div data-elementor-type=\"wp-page\" data-elementor-id=\"531\" class=\"elementor elementor-531\">\n\t\t\t\t<div class=\"elementor-element elementor-element-2562e88 e-con-full e-flex e-con e-parent\" data-id=\"2562e88\" data-element_type=\"container\" data-settings=\"{&quot;background_background&quot;:&quot;classic&quot;}\" data-core-v316-plus=\"true\">\n\t\t\t\t<div class=\"elementor-element elementor-element-e426c7c elementor-widget__width-inherit elementor-absolute elementor-icon-list--layout-traditional elementor-list-item-link-full_width elementor-widget elementor-widget-icon-list\" data-id=\"e426c7c\" data-element_type=\"widget\" data-settings=\"{&quot;_position&quot;:&quot;absolute&quot;}\" data-widget_type=\"icon-list.default\">\n\t\t\t\t<div class=\"elementor-widget-container\">\n\t\t\t<link rel=\"stylesheet\" href=\"https:\/\/n1soft.hu\/wp-content\/plugins\/elementor\/assets\/css\/widget-icon-list.min.css\">\t\t<ul class=\"elementor-icon-list-items\">\n\t\t\t\t\t\t\t<li class=\"elementor-icon-list-item\">\n\t\t\t\t\t\t\t\t\t\t\t<span class=\"elementor-icon-list-icon\">\n\t\t\t\t\t\t\t<svg aria-hidden=\"true\" class=\"e-font-icon-svg e-fas-check-circle\" viewBox=\"0 0 512 512\" xmlns=\"http:\/\/www.w3.org\/2000\/svg\"><path d=\"M504 256c0 136.967-111.033 248-248 248S8 392.967 8 256 119.033 8 256 8s248 111.033 248 248zM227.314 387.314l184-184c6.248-6.248 6.248-16.379 0-22.627l-22.627-22.627c-6.248-6.249-16.379-6.249-22.628 0L216 308.118l-70.059-70.059c-6.248-6.248-16.379-6.248-22.628 0l-22.627 22.627c-6.248 6.248-6.248 16.379 0 22.627l104 104c6.249 6.249 16.379 6.249 22.628.001z\"><\/path><\/svg>\t\t\t\t\t\t<\/span>\n\t\t\t\t\t\t\t\t\t\t<span class=\"elementor-icon-list-text\">Riaszt\u00f3 rendszer<\/span>\n\t\t\t\t\t\t\t\t\t<\/li>\n\t\t\t\t\t\t\t\t<li class=\"elementor-icon-list-item\">\n\t\t\t\t\t\t\t\t\t\t\t<span class=\"elementor-icon-list-icon\">\n\t\t\t\t\t\t\t<svg aria-hidden=\"true\" class=\"e-font-icon-svg e-fas-check-circle\" viewBox=\"0 0 512 512\" xmlns=\"http:\/\/www.w3.org\/2000\/svg\"><path d=\"M504 256c0 136.967-111.033 248-248 248S8 392.967 8 256 119.033 8 256 8s248 111.033 248 248zM227.314 387.314l184-184c6.248-6.248 6.248-16.379 0-22.627l-22.627-22.627c-6.248-6.249-16.379-6.249-22.628 0L216 308.118l-70.059-70.059c-6.248-6.248-16.379-6.248-22.628 0l-22.627 22.627c-6.248 6.248-6.248 16.379 0 22.627l104 104c6.249 6.249 16.379 6.249 22.628.001z\"><\/path><\/svg>\t\t\t\t\t\t<\/span>\n\t\t\t\t\t\t\t\t\t\t<span class=\"elementor-icon-list-text\">Vide\u00f3 megfigyel\u0151 rendszer<\/span>\n\t\t\t\t\t\t\t\t\t<\/li>\n\t\t\t\t\t\t<\/ul>\n\t\t\t\t<\/div>\n\t\t\t\t<\/div>\n\t\t\t\t<\/div>\n\t\t<div class=\"elementor-element elementor-element-499728e e-flex e-con-boxed e-con e-parent\" data-id=\"499728e\" data-element_type=\"container\" data-core-v316-plus=\"true\">\n\t\t\t\t\t<div class=\"e-con-inner\">\n\t\t<div class=\"elementor-element elementor-element-d472838 e-con-full e-flex e-con e-child\" data-id=\"d472838\" data-element_type=\"container\">\n\t\t\t\t<div class=\"elementor-element elementor-element-3da72bf elementor-widget elementor-widget-heading\" data-id=\"3da72bf\" data-element_type=\"widget\" data-widget_type=\"heading.default\">\n\t\t\t\t<div class=\"elementor-widget-container\">\n\t\t\t<style>\/*! elementor - v3.20.0 - 10-04-2024 *\/\n.elementor-heading-title{padding:0;margin:0;line-height:1}.elementor-widget-heading .elementor-heading-title[class*=elementor-size-]>a{color:inherit;font-size:inherit;line-height:inherit}.elementor-widget-heading .elementor-heading-title.elementor-size-small{font-size:15px}.elementor-widget-heading .elementor-heading-title.elementor-size-medium{font-size:19px}.elementor-widget-heading .elementor-heading-title.elementor-size-large{font-size:29px}.elementor-widget-heading .elementor-heading-title.elementor-size-xl{font-size:39px}.elementor-widget-heading .elementor-heading-title.elementor-size-xxl{font-size:59px}<\/style><h2 class=\"elementor-heading-title elementor-size-default\">Vide\u00f3 megfigyel\u0151 rendszerek\n<\/h2>\t\t<\/div>\n\t\t\t\t<\/div>\n\t\t\t\t<div class=\"elementor-element elementor-element-3567939 elementor-widget elementor-widget-text-editor\" data-id=\"3567939\" data-element_type=\"widget\" data-widget_type=\"text-editor.default\">\n\t\t\t\t<div class=\"elementor-widget-container\">\n\t\t\t<style>\/*! elementor - v3.20.0 - 10-04-2024 *\/\n.elementor-widget-text-editor.elementor-drop-cap-view-stacked .elementor-drop-cap{background-color:#69727d;color:#fff}.elementor-widget-text-editor.elementor-drop-cap-view-framed .elementor-drop-cap{color:#69727d;border:3px solid;background-color:transparent}.elementor-widget-text-editor:not(.elementor-drop-cap-view-default) .elementor-drop-cap{margin-top:8px}.elementor-widget-text-editor:not(.elementor-drop-cap-view-default) .elementor-drop-cap-letter{width:1em;height:1em}.elementor-widget-text-editor .elementor-drop-cap{float:left;text-align:center;line-height:1;font-size:50px}.elementor-widget-text-editor .elementor-drop-cap-letter{display:inline-block}<\/style>\t\t\t\t<ul><li><strong>Vide\u00f3 megfigyel\u0151 rendszerek<\/strong><\/li><\/ul><p>V\u00e1llaljuk korszer\u0171 IP alap\u00fa vide\u00f3 megfigyel\u0151 rendszerek tervez\u00e9s\u00e9t, telep\u00edt\u00e9s\u00e9t. C\u00e9g\u00fcnk a megb\u00edzhat\u00f3 kit\u0171n\u0151 \u00e1r-\u00e9rt\u00e9k ar\u00e1nnyal rendelkez\u0151 Dahua eszk\u00f6z\u00f6ket forgalmazza, szereli.<\/p><p>A nagyfelbont\u00e1s\u00fa vezet\u00e9kes vagy WIFI IP kamer\u00e1k be\u00e9p\u00edtett infrav\u00f6r\u00f6s megvil\u00e1g\u00edt\u00e1ssal rendelkeznek, \u00e9jszakai \u00fczemm\u00f3dban az automatikusan bekapcsol\u00f3 vil\u00e1g\u00edt\u00e1s \u00e9rt\u00e9kelhet\u0151 k\u00e9pet biztos\u00edt.<\/p><p>A kamer\u00e1k sz\u00e1m\u00e1ra, ha nem megoldhat\u00f3 a helyi a t\u00e1pell\u00e1t\u00e1s, akkor az a sz\u00e1m\u00edt\u00f3g\u00e9p h\u00e1l\u00f3zati k\u00e1belen kereszt\u00fcl is biztos\u00edthat\u00f3. (Power over Ethernet \u2013 PoE), egyszer\u0171s\u00edtve ezzel a k\u00e1belez\u00e9st. Vezet\u00e9k n\u00e9lk\u00fcli WiFi kamer\u00e1k felhaszn\u00e1l\u00e1s\u00e1val a telep\u00edt\u00e9s m\u00e9g tov\u00e1bb egyszer\u0171s\u00edthet\u0151.<\/p><p>Vide\u00f3 jelr\u00f6gz\u00edt\u0151 ig\u00e9ny szerinti m\u00e9ret\u0171 h\u00e1tt\u00e9rt\u00e1rral (500Gb-6Tb HDD), amely r\u00f6gz\u00edti a kamer\u00e1k k\u00e9peit. B\u00e1rmely kamera k\u00e9pe a k\u00edv\u00e1nt id\u0151pont megkeres\u00e9s\u00e9vel visszan\u00e9zhet\u0151, vide\u00f3k\u00e9nt vagy k\u00e9pk\u00e9nt kimenthet\u0151. A vide\u00f3 jelr\u00f6gz\u00edt\u0151 emellett el\u00e9r\u00e9st biztos\u00edt az internet fel\u00e9 is, sz\u00e1m\u00edt\u00f3g\u00e9pr\u0151l vagy mobil eszk\u00f6zr\u0151l b\u00e1rmely kamera k\u00e9pe megtekinthet\u0151. Az el\u00e9r\u00e9s be\u00e1ll\u00edt\u00e1sa egyszer\u0171, az \u00e1ltalunk aj\u00e1nlott r\u00f6gz\u00edt\u0151k \u00e1ltal biztos\u00edtott felh\u0151 alap\u00fa szolg\u00e1ltat\u00e1s teszi lehet\u0151v\u00e9 a k\u00f6nny\u0171 \u00e9s gyors be\u00e1ll\u00edt\u00e1st b\u00e1rmely h\u00e1l\u00f3zatban.<\/p><ul><li><strong>Riaszt\u00f3 rendszerek<\/strong><\/li><\/ul><p><img fetchpriority=\"high\" decoding=\"async\" class=\" wp-image-801 alignleft\" src=\"https:\/\/wboxpatrol.n1soft.hu\/wp-content\/uploads\/2024\/04\/insitegold-169x300.jpg\" alt=\"\" width=\"188\" height=\"334\" srcset=\"https:\/\/n1soft.hu\/wp-content\/uploads\/2024\/04\/insitegold-169x300.jpg 169w, https:\/\/n1soft.hu\/wp-content\/uploads\/2024\/04\/insitegold.jpg 300w\" sizes=\"(max-width: 188px) 100vw, 188px\" \/>V\u00e1llaljuk \u201ehagyom\u00e1nyos\u201d vezet\u00e9kes \u00e9s r\u00e1di\u00f3s \u00e1tvitelt (ut\u00f3lagos be\u00e9p\u00edt\u00e9shez, szinte alig kell k\u00e1belezni) haszn\u00e1l\u00f3 riaszt\u00f3 rendszerek tervez\u00e9s\u00e9t \u00e9s telep\u00edt\u00e9s\u00e9t, azok t\u00e1vfel\u00fcgyeleti rendszerbe k\u00f6t\u00e9s\u00e9t. Az \u00e1ltalunk haszn\u00e1lt Paradox, Optex \u00e9s Pyronix eszk\u00f6z\u00f6k garant\u00e1lj\u00e1k a hossz\u00fa idej\u0171 megb\u00edzhat\u00f3 m\u0171k\u00f6d\u00e9st.<\/p><p>Az Insite Gold mobil alkalmaz\u00e1s seg\u00edts\u00e9g\u00e9vel ki-bekapcsolhatja valamint folyamatosan k\u00f6vetheti a rendszer \u00e1llapot\u00e1t, push \u00fczenet form\u00e1j\u00e1ban azonnal \u00e9rtes\u00fcl a rendszer esem\u00e9nyeir\u0151l.<\/p>\t\t\t\t\t\t<\/div>\n\t\t\t\t<\/div>\n\t\t\t\t<\/div>\n\t\t<div class=\"elementor-element elementor-element-86acf7a e-con-full e-flex e-con e-child\" data-id=\"86acf7a\" data-element_type=\"container\">\n\t\t\t\t<div class=\"elementor-element elementor-element-aedc39f animated-fast elementor-invisible elementor-widget elementor-widget-image\" data-id=\"aedc39f\" data-element_type=\"widget\" data-settings=\"{&quot;_animation&quot;:&quot;zoomIn&quot;}\" data-widget_type=\"image.default\">\n\t\t\t\t<div class=\"elementor-widget-container\">\n\t\t\t<style>\/*! elementor - v3.20.0 - 10-04-2024 *\/\n.elementor-widget-image{text-align:center}.elementor-widget-image a{display:inline-block}.elementor-widget-image a img[src$=\".svg\"]{width:48px}.elementor-widget-image img{vertical-align:middle;display:inline-block}<\/style>\t\t\t\t\t\t\t<figure class=\"wp-caption\">\n\t\t\t\t\t\t\t\t\t\t<img decoding=\"async\" width=\"400\" height=\"359\" src=\"https:\/\/n1soft.hu\/wp-content\/uploads\/2024\/04\/paradox-magellan.jpg\" class=\"attachment-large size-large wp-image-812\" alt=\"\" srcset=\"https:\/\/n1soft.hu\/wp-content\/uploads\/2024\/04\/paradox-magellan.jpg 400w, https:\/\/n1soft.hu\/wp-content\/uploads\/2024\/04\/paradox-magellan-300x269.jpg 300w\" sizes=\"(max-width: 400px) 100vw, 400px\" \/>\t\t\t\t\t\t\t\t\t\t\t<figcaption class=\"widget-image-caption wp-caption-text\">Paradox Magellan r\u00e1di\u00f3s k\u00f6zpont<\/figcaption>\n\t\t\t\t\t\t\t\t\t\t<\/figure>\n\t\t\t\t\t\t\t<\/div>\n\t\t\t\t<\/div>\n\t\t\t\t<div class=\"elementor-element elementor-element-b440d2c animated-fast elementor-invisible elementor-widget elementor-widget-image\" data-id=\"b440d2c\" data-element_type=\"widget\" data-settings=\"{&quot;_animation&quot;:&quot;zoomIn&quot;}\" data-widget_type=\"image.default\">\n\t\t\t\t<div class=\"elementor-widget-container\">\n\t\t\t\t\t\t\t\t\t\t<figure class=\"wp-caption\">\n\t\t\t\t\t\t\t\t\t\t<img decoding=\"async\" width=\"400\" height=\"270\" src=\"https:\/\/n1soft.hu\/wp-content\/uploads\/2024\/04\/paradox-tm50.jpg\" class=\"attachment-large size-large wp-image-816\" alt=\"\" srcset=\"https:\/\/n1soft.hu\/wp-content\/uploads\/2024\/04\/paradox-tm50.jpg 400w, https:\/\/n1soft.hu\/wp-content\/uploads\/2024\/04\/paradox-tm50-300x203.jpg 300w\" sizes=\"(max-width: 400px) 100vw, 400px\" \/>\t\t\t\t\t\t\t\t\t\t\t<figcaption class=\"widget-image-caption wp-caption-text\">Paradox \u00e9rint\u0151 k\u00e9perny\u0151s kezel\u0151<\/figcaption>\n\t\t\t\t\t\t\t\t\t\t<\/figure>\n\t\t\t\t\t\t\t<\/div>\n\t\t\t\t<\/div>\n\t\t\t\t<div class=\"elementor-element elementor-element-e7f6e8d elementor-widget__width-initial animated-fast elementor-invisible elementor-widget elementor-widget-image\" data-id=\"e7f6e8d\" data-element_type=\"widget\" data-settings=\"{&quot;_animation&quot;:&quot;zoomIn&quot;}\" data-widget_type=\"image.default\">\n\t\t\t\t<div class=\"elementor-widget-container\">\n\t\t\t\t\t\t\t\t\t\t<figure class=\"wp-caption\">\n\t\t\t\t\t\t\t\t\t\t<img loading=\"lazy\" decoding=\"async\" width=\"218\" height=\"331\" src=\"https:\/\/n1soft.hu\/wp-content\/uploads\/2024\/04\/paradox-radios-pir.jpg\" class=\"attachment-large size-large wp-image-820\" alt=\"\" srcset=\"https:\/\/n1soft.hu\/wp-content\/uploads\/2024\/04\/paradox-radios-pir.jpg 218w, https:\/\/n1soft.hu\/wp-content\/uploads\/2024\/04\/paradox-radios-pir-198x300.jpg 198w\" sizes=\"(max-width: 218px) 100vw, 218px\" \/>\t\t\t\t\t\t\t\t\t\t\t<figcaption class=\"widget-image-caption wp-caption-text\">Paradox r\u00e1di\u00f3s mozg\u00e1s\u00e9rz\u00e9kel\u0151<\/figcaption>\n\t\t\t\t\t\t\t\t\t\t<\/figure>\n\t\t\t\t\t\t\t<\/div>\n\t\t\t\t<\/div>\n\t\t\t\t<\/div>\n\t\t\t\t\t<\/div>\n\t\t\t\t<\/div>\n\t\t\t\t<\/div>\n\t\t","protected":false},"excerpt":{"rendered":"<p>Riaszt\u00f3 rendszer Vide\u00f3 megfigyel\u0151 rendszer Vide\u00f3 megfigyel\u0151 rendszerek Vide\u00f3 megfigyel\u0151 rendszerek V\u00e1llaljuk korszer\u0171 IP alap\u00fa vide\u00f3 megfigyel\u0151 rendszerek tervez\u00e9s\u00e9t, telep\u00edt\u00e9s\u00e9t. C\u00e9g\u00fcnk a megb\u00edzhat\u00f3 kit\u0171n\u0151 \u00e1r-\u00e9rt\u00e9k ar\u00e1nnyal rendelkez\u0151 Dahua eszk\u00f6z\u00f6ket forgalmazza, szereli. A nagyfelbont\u00e1s\u00fa vezet\u00e9kes vagy WIFI IP kamer\u00e1k be\u00e9p\u00edtett infrav\u00f6r\u00f6s megvil\u00e1g\u00edt\u00e1ssal rendelkeznek, \u00e9jszakai \u00fczemm\u00f3dban az automatikusan bekapcsol\u00f3 vil\u00e1g\u00edt\u00e1s \u00e9rt\u00e9kelhet\u0151 k\u00e9pet biztos\u00edt. A kamer\u00e1k sz\u00e1m\u00e1ra, ha [&hellip;]<\/p>\n","protected":false},"author":1,"featured_media":0,"parent":0,"menu_order":0,"comment_status":"closed","ping_status":"closed","template":"","meta":{"om_disable_all_campaigns":false,"_monsterinsights_skip_tracking":false,"_monsterinsights_sitenote_active":false,"_monsterinsights_sitenote_note":"","_monsterinsights_sitenote_category":0,"_uf_show_specific_survey":0,"_uf_disable_surveys":false,"ocean_post_layout":"full-screen","ocean_both_sidebars_style":"","ocean_both_sidebars_content_width":0,"ocean_both_sidebars_sidebars_width":0,"ocean_sidebar":"footer-one","ocean_second_sidebar":"","ocean_disable_margins":"on","ocean_add_body_class":"","ocean_shortcode_before_top_bar":"","ocean_shortcode_after_top_bar":"","ocean_shortcode_before_header":"","ocean_shortcode_after_header":"","ocean_has_shortcode":"","ocean_shortcode_after_title":"","ocean_shortcode_before_footer_widgets":"","ocean_shortcode_after_footer_widgets":"","ocean_shortcode_before_footer_bottom":"","ocean_shortcode_after_footer_bottom":"","ocean_display_top_bar":"off","ocean_display_header":"on","ocean_header_style":"","ocean_center_header_left_menu":"","ocean_custom_header_template":"","ocean_custom_logo":0,"ocean_custom_retina_logo":0,"ocean_custom_logo_max_width":0,"ocean_custom_logo_tablet_max_width":0,"ocean_custom_logo_mobile_max_width":0,"ocean_custom_logo_max_height":0,"ocean_custom_logo_tablet_max_height":0,"ocean_custom_logo_mobile_max_height":0,"ocean_header_custom_menu":"5","ocean_menu_typo_font_family":"Arial, Helvetica, sans-serif","ocean_menu_typo_font_subset":"","ocean_menu_typo_font_size":18,"ocean_menu_typo_font_size_tablet":0,"ocean_menu_typo_font_size_mobile":0,"ocean_menu_typo_font_size_unit":"px","ocean_menu_typo_font_weight":"","ocean_menu_typo_font_weight_tablet":"","ocean_menu_typo_font_weight_mobile":"","ocean_menu_typo_transform":"","ocean_menu_typo_transform_tablet":"","ocean_menu_typo_transform_mobile":"","ocean_menu_typo_line_height":40,"ocean_menu_typo_line_height_tablet":0,"ocean_menu_typo_line_height_mobile":0,"ocean_menu_typo_line_height_unit":"","ocean_menu_typo_spacing":0,"ocean_menu_typo_spacing_tablet":0,"ocean_menu_typo_spacing_mobile":0,"ocean_menu_typo_spacing_unit":"","ocean_menu_link_color":"","ocean_menu_link_color_hover":"","ocean_menu_link_color_active":"","ocean_menu_link_background":"","ocean_menu_link_hover_background":"","ocean_menu_link_active_background":"","ocean_menu_social_links_bg":"","ocean_menu_social_hover_links_bg":"","ocean_menu_social_links_color":"","ocean_menu_social_hover_links_color":"","ocean_disable_title":"on","ocean_disable_heading":"enable","ocean_post_title":"","ocean_post_subheading":"","ocean_post_title_style":"","ocean_post_title_background_color":"","ocean_post_title_background":0,"ocean_post_title_bg_image_position":"","ocean_post_title_bg_image_attachment":"","ocean_post_title_bg_image_repeat":"","ocean_post_title_bg_image_size":"","ocean_post_title_height":0,"ocean_post_title_bg_overlay":0.5,"ocean_post_title_bg_overlay_color":"","ocean_disable_breadcrumbs":"default","ocean_breadcrumbs_color":"","ocean_breadcrumbs_separator_color":"","ocean_breadcrumbs_links_color":"","ocean_breadcrumbs_links_hover_color":"","ocean_display_footer_widgets":"off","ocean_display_footer_bottom":"on","ocean_custom_footer_template":"","footnotes":""},"aioseo_notices":[],"_links":{"self":[{"href":"https:\/\/n1soft.hu\/index.php\/wp-json\/wp\/v2\/pages\/531"}],"collection":[{"href":"https:\/\/n1soft.hu\/index.php\/wp-json\/wp\/v2\/pages"}],"about":[{"href":"https:\/\/n1soft.hu\/index.php\/wp-json\/wp\/v2\/types\/page"}],"author":[{"embeddable":true,"href":"https:\/\/n1soft.hu\/index.php\/wp-json\/wp\/v2\/users\/1"}],"replies":[{"embeddable":true,"href":"https:\/\/n1soft.hu\/index.php\/wp-json\/wp\/v2\/comments?post=531"}],"version-history":[{"count":58,"href":"https:\/\/n1soft.hu\/index.php\/wp-json\/wp\/v2\/pages\/531\/revisions"}],"predecessor-version":[{"id":1037,"href":"https:\/\/n1soft.hu\/index.php\/wp-json\/wp\/v2\/pages\/531\/revisions\/1037"}],"wp:attachment":[{"href":"https:\/\/n1soft.hu\/index.php\/wp-json\/wp\/v2\/media?parent=531"}],"curies":[{"name":"wp","href":"https:\/\/api.w.org\/{rel}","templated":true}]}}