{"id":529,"date":"2024-04-15T11:26:12","date_gmt":"2024-04-15T09:26:12","guid":{"rendered":"https:\/\/wboxpatrol.n1soft.hu\/?page_id=529"},"modified":"2024-04-30T06:49:02","modified_gmt":"2024-04-30T04:49:02","slug":"orjarat-ellenorzo","status":"publish","type":"page","link":"https:\/\/n1soft.hu\/index.php\/orjarat-ellenorzo\/","title":{"rendered":"\u0150rj\u00e1rat ellen\u0151rz\u0151"},"content":{"rendered":"\t\t<div data-elementor-type=\"wp-page\" data-elementor-id=\"529\" class=\"elementor elementor-529\">\n\t\t\t\t<div class=\"elementor-element elementor-element-2562e88 e-con-full e-flex e-con e-parent\" data-id=\"2562e88\" data-element_type=\"container\" data-settings=\"{&quot;background_background&quot;:&quot;classic&quot;}\" data-core-v316-plus=\"true\">\n\t\t\t\t<div class=\"elementor-element elementor-element-e426c7c elementor-widget__width-inherit elementor-absolute elementor-icon-list--layout-traditional elementor-list-item-link-full_width elementor-widget elementor-widget-icon-list\" data-id=\"e426c7c\" data-element_type=\"widget\" data-settings=\"{&quot;_position&quot;:&quot;absolute&quot;}\" data-widget_type=\"icon-list.default\">\n\t\t\t\t<div class=\"elementor-widget-container\">\n\t\t\t<link rel=\"stylesheet\" href=\"https:\/\/n1soft.hu\/wp-content\/plugins\/elementor\/assets\/css\/widget-icon-list.min.css\">\t\t<ul class=\"elementor-icon-list-items\">\n\t\t\t\t\t\t\t<li class=\"elementor-icon-list-item\">\n\t\t\t\t\t\t\t\t\t\t\t<span class=\"elementor-icon-list-icon\">\n\t\t\t\t\t\t\t<svg aria-hidden=\"true\" class=\"e-font-icon-svg e-fas-check-circle\" viewBox=\"0 0 512 512\" xmlns=\"http:\/\/www.w3.org\/2000\/svg\"><path d=\"M504 256c0 136.967-111.033 248-248 248S8 392.967 8 256 119.033 8 256 8s248 111.033 248 248zM227.314 387.314l184-184c6.248-6.248 6.248-16.379 0-22.627l-22.627-22.627c-6.248-6.249-16.379-6.249-22.628 0L216 308.118l-70.059-70.059c-6.248-6.248-16.379-6.248-22.628 0l-22.627 22.627c-6.248 6.248-6.248 16.379 0 22.627l104 104c6.249 6.249 16.379 6.249 22.628.001z\"><\/path><\/svg>\t\t\t\t\t\t<\/span>\n\t\t\t\t\t\t\t\t\t\t<span class=\"elementor-icon-list-text\">\u0150rj\u00e1rat ellen\u0151rz\u0151<\/span>\n\t\t\t\t\t\t\t\t\t<\/li>\n\t\t\t\t\t\t<\/ul>\n\t\t\t\t<\/div>\n\t\t\t\t<\/div>\n\t\t\t\t<\/div>\n\t\t<div class=\"elementor-element elementor-element-499728e e-flex e-con-boxed e-con e-parent\" data-id=\"499728e\" data-element_type=\"container\" data-core-v316-plus=\"true\">\n\t\t\t\t\t<div class=\"e-con-inner\">\n\t\t<div class=\"elementor-element elementor-element-d472838 e-con-full e-flex e-con e-child\" data-id=\"d472838\" data-element_type=\"container\">\n\t\t\t\t<div class=\"elementor-element elementor-element-3da72bf elementor-widget elementor-widget-heading\" data-id=\"3da72bf\" data-element_type=\"widget\" data-widget_type=\"heading.default\">\n\t\t\t\t<div class=\"elementor-widget-container\">\n\t\t\t<style>\/*! elementor - v3.20.0 - 10-04-2024 *\/\n.elementor-heading-title{padding:0;margin:0;line-height:1}.elementor-widget-heading .elementor-heading-title[class*=elementor-size-]>a{color:inherit;font-size:inherit;line-height:inherit}.elementor-widget-heading .elementor-heading-title.elementor-size-small{font-size:15px}.elementor-widget-heading .elementor-heading-title.elementor-size-medium{font-size:19px}.elementor-widget-heading .elementor-heading-title.elementor-size-large{font-size:29px}.elementor-widget-heading .elementor-heading-title.elementor-size-xl{font-size:39px}.elementor-widget-heading .elementor-heading-title.elementor-size-xxl{font-size:59px}<\/style><h2 class=\"elementor-heading-title elementor-size-default\">A wBoxPatrol \u0151rj\u00e1rat ellen\u0151rz\u0151 rendszer\n<\/h2>\t\t<\/div>\n\t\t\t\t<\/div>\n\t\t\t\t<div class=\"elementor-element elementor-element-3567939 elementor-widget elementor-widget-text-editor\" data-id=\"3567939\" data-element_type=\"widget\" data-widget_type=\"text-editor.default\">\n\t\t\t\t<div class=\"elementor-widget-container\">\n\t\t\t<style>\/*! elementor - v3.20.0 - 10-04-2024 *\/\n.elementor-widget-text-editor.elementor-drop-cap-view-stacked .elementor-drop-cap{background-color:#69727d;color:#fff}.elementor-widget-text-editor.elementor-drop-cap-view-framed .elementor-drop-cap{color:#69727d;border:3px solid;background-color:transparent}.elementor-widget-text-editor:not(.elementor-drop-cap-view-default) .elementor-drop-cap{margin-top:8px}.elementor-widget-text-editor:not(.elementor-drop-cap-view-default) .elementor-drop-cap-letter{width:1em;height:1em}.elementor-widget-text-editor .elementor-drop-cap{float:left;text-align:center;line-height:1;font-size:50px}.elementor-widget-text-editor .elementor-drop-cap-letter{display:inline-block}<\/style>\t\t\t\t<ul><li><strong>Kinek aj\u00e1nljuk<\/strong><\/li><\/ul><p>Gyakori feladat, hogy \u0151rz\u00e9s vagy ellen\u0151rz\u0151s c\u00e9lj\u00e1b\u00f3l egy nagyobb telephely, \u00e9p\u00fclet megadott pontjain megadott id\u0151pontokban a j\u00e1r\u0151rnek vagy az ellen\u0151rz\u00e9st v\u00e9gz\u0151 szem\u00e9lynek meg kell jelennie. Annak kider\u00edt\u00e9se, hogy a feladat t\u00e9nyleg v\u00e9gre lett hajtva, minden helyet \u00e9rintett a dolgoz\u00f3 a megadott id\u0151ben, nem egyszer\u0171 feladat. Ezt k\u00f6nny\u00edti meg a wBoxPatrol \u0151rj\u00e1rat ellen\u0151rz\u0151 rendszer, amely a Google Play \u00e1ruh\u00e1zb\u00f3l let\u00f6lthet\u0151 ingyenes mobil applik\u00e1ci\u00f3val m\u0171k\u00f6dik. A rendszer r\u00e9szei az al\u00e1bbiak.<\/p><p><img decoding=\"async\" class=\"wp-image-736  alignleft\" src=\"https:\/\/n1soft.hu\/wp-content\/uploads\/2024\/04\/NFC_korong.jpg\" alt=\"\" width=\"166\" height=\"96\" \/>Az NFC ellen\u0151rz\u0151 pontok kis id\u0151j\u00e1r\u00e1s\u00e1ll\u00f3 m\u0171anyag korongok, amelyek csavarral r\u00f6gz\u00edthet\u0151k a sz\u00fcks\u00e9ges helyeken, semmilyen k\u00e1belez\u00e9st nem ig\u00e9nyelnek, \u00e1ramforr\u00e1st sem tartalmaznak, \u00e9lettartamuk szinte korl\u00e1tlan. Titkos\u00edtva tartalmaznak egy egyedi k\u00f3dot, m\u00e1sol\u00e1s, csere nem lehets\u00e9ges. Ellen\u0151rz\u0151 pontk\u00e9nt a hagyom\u00e1nyos bel\u00e9ptet\u0151 olvas\u00f3k is szolg\u00e1lhatnak.<\/p><p>A legt\u00f6bb mobil telefon m\u00e1r tartalmaz NFC olvas\u00f3t, haszn\u00e1lat\u00e1val nem sz\u00fcks\u00e9ges k\u00fcl\u00f6n eszk\u00f6zt beszerezni. A dolgoz\u00f3 a koronghoz \u00e9rintve telefonj\u00e1t beolvassa annak k\u00f3dj\u00e1t, amelyet id\u0151ponttal ell\u00e1tva t\u00e1rol a <strong>wBoxPatrol alkalmaz\u00e1s<\/strong>. Amint van internet vagy WiFi csatlakoz\u00e1s, az adatokat tov\u00e1bb\u00edtja az adatgy\u0171jt\u0151nek. Az alkalmaz\u00e1s csak kiolvassa, ideiglenesen t\u00e1rolja, \u00e9s tov\u00e1bb\u00edtja az adatokat. Megjelen\u00edti a kiolvasott pont nev\u00e9t, egy \u00f3ra mutatja az \u0151rj\u00e1rat kezdete \u00f3ta eltelt, valamint a legutols\u00f3 pont \u00e9rint\u00e9se \u00f3ta eltelt id\u0151t. Egy list\u00e1ban az eddig \u00e9rintett pontok is fel vannak sorolva. A rendszer r\u00e9sze az adatgy\u0171jt\u0151, amely telep\u00edthet\u0151 saj\u00e1t g\u00e9pre, vagy lehet \u00e1ltalunk biztos\u00edtott felh\u0151 alap\u00fa szolg\u00e1ltat\u00e1s. A be\u00e9rkezett adatokat az elv\u00e1r\u00e1sok figyelembe v\u00e9tel\u00e9vel feldolgozza, \u00e9s megjelen\u00edti j\u00f3l \u00e1ttekinthet\u0151 t\u00e1bl\u00e1zatos form\u00e1ban, amely b\u00f6ng\u00e9sz\u0151vel b\u00e1rhonnan el\u00e9rhet\u0151.<\/p><p>Meghat\u00e1rozhat\u00f3k \u00fatvonalak, amelyeket be kell j\u00e1rni, megadhat\u00f3k az egyes ellen\u0151rz\u0151 pontok k\u00f6z\u00f6tti id\u0151k, valamint az id\u0151pontok, amikor az \u00fatvonalakat teljes\u00edteni kell. A lehets\u00e9ges be\u00e1ll\u00edt\u00e1sok:<\/p><ul><li>K\u00f6t\u00f6tt id\u0151z\u00edt\u00e9ssel. Megadott sorrendben \u00e9s megadott id\u0151keretek k\u00f6z\u00f6tt kell teljes\u00edteni az \u00fatvonalat.<\/li><li>K\u00f6t\u00f6tt sorrend. Megadott sorrendben, de az egyes pontok k\u00f6z\u00f6tt nincs id\u0151beli megk\u00f6t\u00e9s.<\/li><li>Szabad sorrend. Tetsz\u0151leges sorrenden \u00e9s id\u0151 megk\u00f6t\u00e9s n\u00e9lk\u00fcl az egyes pontok k\u00f6z\u00f6tt.<\/li><\/ul><p>A wBoxPatrol rendszer a komplex wBox2000 bel\u00e9ptet\u0151 \u00e9s munkaid\u0151 nyilv\u00e1ntart\u00f3 rendszer r\u00e9sze is lehet:<\/p><ul><li>Bel\u00e9ptet\u0151 rendszer<\/li><li>Munkaid\u0151 nyilv\u00e1ntart\u00f3 rendszer<\/li><li>\u0150rj\u00e1rat ellen\u0151rz\u0151 rendszer wBoxPatrol applik\u00e1ci\u00f3val<\/li><li>Val\u00f3s idej\u0171 GSP nyomk\u00f6vet\u0151 wBoxOpen applik\u00e1ci\u00f3va<\/li><li>T\u00e1vvez\u00e9rl\u00e9s \u00e9s home office vagy k\u00fcls\u0151 munkaid\u0151 nyilv\u00e1ntart\u00e1s wBoxOpen applik\u00e1ci\u00f3val<\/li><li>Helyi mini riaszt\u00f3 rendszer, bel\u00e9ptet\u0151 k\u00e1rty\u00e1val vagy k\u00f3ddal \u00e9les\u00edthet\u0151<\/li><li>IOModulok: t\u00e1vvez\u00e9rl\u00e9s \u00e9s h\u0151m\u00e9rs\u00e9klet regisztr\u00e1ci\u00f3<\/li><\/ul><p>A rendszereket folyamatosan fejlesztj\u00fck, egyedi ig\u00e9nyeket, elk\u00e9pzel\u00e9seket is meg tudunk val\u00f3s\u00edtani. Term\u00e9keink a sz\u00fcks\u00e9ges kieg\u00e9sz\u00edt\u0151kkel egy\u00fctt Web\u00e1ruh\u00e1zunkban megv\u00e1s\u00e1rolhat\u00f3k, egy\u00e9nileg is telep\u00edthet\u0151ek, amelyhez seg\u00edts\u00e9get, tan\u00e1csad\u00e1st biztos\u00edtunk.<\/p>\t\t\t\t\t\t<\/div>\n\t\t\t\t<\/div>\n\t\t\t\t<\/div>\n\t\t<div class=\"elementor-element elementor-element-86acf7a e-con-full e-flex e-con e-child\" data-id=\"86acf7a\" data-element_type=\"container\">\n\t\t\t\t<div class=\"elementor-element elementor-element-aedc39f elementor-widget__width-initial animated-fast elementor-invisible elementor-widget elementor-widget-image\" data-id=\"aedc39f\" data-element_type=\"widget\" data-settings=\"{&quot;_animation&quot;:&quot;zoomIn&quot;}\" data-widget_type=\"image.default\">\n\t\t\t\t<div class=\"elementor-widget-container\">\n\t\t\t<style>\/*! elementor - v3.20.0 - 10-04-2024 *\/\n.elementor-widget-image{text-align:center}.elementor-widget-image a{display:inline-block}.elementor-widget-image a img[src$=\".svg\"]{width:48px}.elementor-widget-image img{vertical-align:middle;display:inline-block}<\/style>\t\t\t\t\t\t\t\t\t\t<img fetchpriority=\"high\" decoding=\"async\" width=\"455\" height=\"816\" src=\"https:\/\/n1soft.hu\/wp-content\/uploads\/2024\/04\/wboxpatrol_alkalmazas-1.jpg\" class=\"attachment-large size-large wp-image-746\" alt=\"\" srcset=\"https:\/\/n1soft.hu\/wp-content\/uploads\/2024\/04\/wboxpatrol_alkalmazas-1.jpg 455w, https:\/\/n1soft.hu\/wp-content\/uploads\/2024\/04\/wboxpatrol_alkalmazas-1-167x300.jpg 167w\" sizes=\"(max-width: 455px) 100vw, 455px\" \/>\t\t\t\t\t\t\t\t\t\t\t\t\t<\/div>\n\t\t\t\t<\/div>\n\t\t\t\t<\/div>\n\t\t\t\t\t<\/div>\n\t\t\t\t<\/div>\n\t\t\t\t<\/div>\n\t\t","protected":false},"excerpt":{"rendered":"<p>\u0150rj\u00e1rat ellen\u0151rz\u0151 A wBoxPatrol \u0151rj\u00e1rat ellen\u0151rz\u0151 rendszer Kinek aj\u00e1nljuk Gyakori feladat, hogy \u0151rz\u00e9s vagy ellen\u0151rz\u0151s c\u00e9lj\u00e1b\u00f3l egy nagyobb telephely, \u00e9p\u00fclet megadott pontjain megadott id\u0151pontokban a j\u00e1r\u0151rnek vagy az ellen\u0151rz\u00e9st v\u00e9gz\u0151 szem\u00e9lynek meg kell jelennie. Annak kider\u00edt\u00e9se, hogy a feladat t\u00e9nyleg v\u00e9gre lett hajtva, minden helyet \u00e9rintett a dolgoz\u00f3 a megadott id\u0151ben, nem egyszer\u0171 feladat. Ezt [&hellip;]<\/p>\n","protected":false},"author":1,"featured_media":0,"parent":0,"menu_order":0,"comment_status":"closed","ping_status":"closed","template":"","meta":{"om_disable_all_campaigns":false,"_monsterinsights_skip_tracking":false,"_monsterinsights_sitenote_active":false,"_monsterinsights_sitenote_note":"","_monsterinsights_sitenote_category":0,"_uf_show_specific_survey":0,"_uf_disable_surveys":false,"ocean_post_layout":"full-screen","ocean_both_sidebars_style":"","ocean_both_sidebars_content_width":0,"ocean_both_sidebars_sidebars_width":0,"ocean_sidebar":"footer-one","ocean_second_sidebar":"","ocean_disable_margins":"on","ocean_add_body_class":"","ocean_shortcode_before_top_bar":"","ocean_shortcode_after_top_bar":"","ocean_shortcode_before_header":"","ocean_shortcode_after_header":"","ocean_has_shortcode":"","ocean_shortcode_after_title":"","ocean_shortcode_before_footer_widgets":"","ocean_shortcode_after_footer_widgets":"","ocean_shortcode_before_footer_bottom":"","ocean_shortcode_after_footer_bottom":"","ocean_display_top_bar":"off","ocean_display_header":"on","ocean_header_style":"","ocean_center_header_left_menu":"","ocean_custom_header_template":"","ocean_custom_logo":0,"ocean_custom_retina_logo":0,"ocean_custom_logo_max_width":0,"ocean_custom_logo_tablet_max_width":0,"ocean_custom_logo_mobile_max_width":0,"ocean_custom_logo_max_height":0,"ocean_custom_logo_tablet_max_height":0,"ocean_custom_logo_mobile_max_height":0,"ocean_header_custom_menu":"5","ocean_menu_typo_font_family":"Arial, Helvetica, sans-serif","ocean_menu_typo_font_subset":"","ocean_menu_typo_font_size":18,"ocean_menu_typo_font_size_tablet":0,"ocean_menu_typo_font_size_mobile":0,"ocean_menu_typo_font_size_unit":"px","ocean_menu_typo_font_weight":"","ocean_menu_typo_font_weight_tablet":"","ocean_menu_typo_font_weight_mobile":"","ocean_menu_typo_transform":"","ocean_menu_typo_transform_tablet":"","ocean_menu_typo_transform_mobile":"","ocean_menu_typo_line_height":40,"ocean_menu_typo_line_height_tablet":0,"ocean_menu_typo_line_height_mobile":0,"ocean_menu_typo_line_height_unit":"","ocean_menu_typo_spacing":0,"ocean_menu_typo_spacing_tablet":0,"ocean_menu_typo_spacing_mobile":0,"ocean_menu_typo_spacing_unit":"","ocean_menu_link_color":"","ocean_menu_link_color_hover":"","ocean_menu_link_color_active":"","ocean_menu_link_background":"","ocean_menu_link_hover_background":"","ocean_menu_link_active_background":"","ocean_menu_social_links_bg":"","ocean_menu_social_hover_links_bg":"","ocean_menu_social_links_color":"","ocean_menu_social_hover_links_color":"","ocean_disable_title":"on","ocean_disable_heading":"enable","ocean_post_title":"","ocean_post_subheading":"","ocean_post_title_style":"","ocean_post_title_background_color":"","ocean_post_title_background":0,"ocean_post_title_bg_image_position":"","ocean_post_title_bg_image_attachment":"","ocean_post_title_bg_image_repeat":"","ocean_post_title_bg_image_size":"","ocean_post_title_height":0,"ocean_post_title_bg_overlay":0.5,"ocean_post_title_bg_overlay_color":"","ocean_disable_breadcrumbs":"default","ocean_breadcrumbs_color":"","ocean_breadcrumbs_separator_color":"","ocean_breadcrumbs_links_color":"","ocean_breadcrumbs_links_hover_color":"","ocean_display_footer_widgets":"off","ocean_display_footer_bottom":"on","ocean_custom_footer_template":"","footnotes":""},"aioseo_notices":[],"_links":{"self":[{"href":"https:\/\/n1soft.hu\/index.php\/wp-json\/wp\/v2\/pages\/529"}],"collection":[{"href":"https:\/\/n1soft.hu\/index.php\/wp-json\/wp\/v2\/pages"}],"about":[{"href":"https:\/\/n1soft.hu\/index.php\/wp-json\/wp\/v2\/types\/page"}],"author":[{"embeddable":true,"href":"https:\/\/n1soft.hu\/index.php\/wp-json\/wp\/v2\/users\/1"}],"replies":[{"embeddable":true,"href":"https:\/\/n1soft.hu\/index.php\/wp-json\/wp\/v2\/comments?post=529"}],"version-history":[{"count":58,"href":"https:\/\/n1soft.hu\/index.php\/wp-json\/wp\/v2\/pages\/529\/revisions"}],"predecessor-version":[{"id":1034,"href":"https:\/\/n1soft.hu\/index.php\/wp-json\/wp\/v2\/pages\/529\/revisions\/1034"}],"wp:attachment":[{"href":"https:\/\/n1soft.hu\/index.php\/wp-json\/wp\/v2\/media?parent=529"}],"curies":[{"name":"wp","href":"https:\/\/api.w.org\/{rel}","templated":true}]}}