{"id":497,"date":"2024-04-15T11:03:31","date_gmt":"2024-04-15T09:03:31","guid":{"rendered":"https:\/\/wboxpatrol.n1soft.hu\/?page_id=497"},"modified":"2025-02-04T16:19:12","modified_gmt":"2025-02-04T15:19:12","slug":"belepteto-rendszer","status":"publish","type":"page","link":"https:\/\/n1soft.hu\/index.php\/belepteto-rendszer\/","title":{"rendered":"Bel\u00e9ptet\u0151 rendszer"},"content":{"rendered":"\t\t<div data-elementor-type=\"wp-page\" data-elementor-id=\"497\" class=\"elementor elementor-497\">\n\t\t\t\t<div class=\"elementor-element elementor-element-2562e88 e-con-full e-flex e-con e-parent\" data-id=\"2562e88\" data-element_type=\"container\" data-settings=\"{&quot;background_background&quot;:&quot;classic&quot;}\" data-core-v316-plus=\"true\">\n\t\t\t\t<div class=\"elementor-element elementor-element-e426c7c elementor-widget__width-inherit elementor-absolute elementor-icon-list--layout-traditional elementor-list-item-link-full_width elementor-widget elementor-widget-icon-list\" data-id=\"e426c7c\" data-element_type=\"widget\" data-settings=\"{&quot;_position&quot;:&quot;absolute&quot;}\" data-widget_type=\"icon-list.default\">\n\t\t\t\t<div class=\"elementor-widget-container\">\n\t\t\t<link rel=\"stylesheet\" href=\"https:\/\/n1soft.hu\/wp-content\/plugins\/elementor\/assets\/css\/widget-icon-list.min.css\">\t\t<ul class=\"elementor-icon-list-items\">\n\t\t\t\t\t\t\t<li class=\"elementor-icon-list-item\">\n\t\t\t\t\t\t\t\t\t\t\t<span class=\"elementor-icon-list-icon\">\n\t\t\t\t\t\t\t<svg aria-hidden=\"true\" class=\"e-font-icon-svg e-fas-check-circle\" viewBox=\"0 0 512 512\" xmlns=\"http:\/\/www.w3.org\/2000\/svg\"><path d=\"M504 256c0 136.967-111.033 248-248 248S8 392.967 8 256 119.033 8 256 8s248 111.033 248 248zM227.314 387.314l184-184c6.248-6.248 6.248-16.379 0-22.627l-22.627-22.627c-6.248-6.249-16.379-6.249-22.628 0L216 308.118l-70.059-70.059c-6.248-6.248-16.379-6.248-22.628 0l-22.627 22.627c-6.248 6.248-6.248 16.379 0 22.627l104 104c6.249 6.249 16.379 6.249 22.628.001z\"><\/path><\/svg>\t\t\t\t\t\t<\/span>\n\t\t\t\t\t\t\t\t\t\t<span class=\"elementor-icon-list-text\">Bel\u00e9ptet\u0151 rendszerek<\/span>\n\t\t\t\t\t\t\t\t\t<\/li>\n\t\t\t\t\t\t\t\t<li class=\"elementor-icon-list-item\">\n\t\t\t\t\t\t\t\t\t\t\t<span class=\"elementor-icon-list-icon\">\n\t\t\t\t\t\t\t<svg aria-hidden=\"true\" class=\"e-font-icon-svg e-fas-check-circle\" viewBox=\"0 0 512 512\" xmlns=\"http:\/\/www.w3.org\/2000\/svg\"><path d=\"M504 256c0 136.967-111.033 248-248 248S8 392.967 8 256 119.033 8 256 8s248 111.033 248 248zM227.314 387.314l184-184c6.248-6.248 6.248-16.379 0-22.627l-22.627-22.627c-6.248-6.249-16.379-6.249-22.628 0L216 308.118l-70.059-70.059c-6.248-6.248-16.379-6.248-22.628 0l-22.627 22.627c-6.248 6.248-6.248 16.379 0 22.627l104 104c6.249 6.249 16.379 6.249 22.628.001z\"><\/path><\/svg>\t\t\t\t\t\t<\/span>\n\t\t\t\t\t\t\t\t\t\t<span class=\"elementor-icon-list-text\">Munkaid\u0151 nyilv\u00e1ntart\u00f3 rendszer<\/span>\n\t\t\t\t\t\t\t\t\t<\/li>\n\t\t\t\t\t\t<\/ul>\n\t\t\t\t<\/div>\n\t\t\t\t<\/div>\n\t\t\t\t<\/div>\n\t\t<div class=\"elementor-element elementor-element-499728e e-flex e-con-boxed e-con e-parent\" data-id=\"499728e\" data-element_type=\"container\" data-core-v316-plus=\"true\">\n\t\t\t\t\t<div class=\"e-con-inner\">\n\t\t<div class=\"elementor-element elementor-element-d472838 e-con-full e-flex e-con e-child\" data-id=\"d472838\" data-element_type=\"container\">\n\t\t\t\t<div class=\"elementor-element elementor-element-3da72bf elementor-widget elementor-widget-heading\" data-id=\"3da72bf\" data-element_type=\"widget\" data-widget_type=\"heading.default\">\n\t\t\t\t<div class=\"elementor-widget-container\">\n\t\t\t<style>\/*! elementor - v3.20.0 - 10-04-2024 *\/\n.elementor-heading-title{padding:0;margin:0;line-height:1}.elementor-widget-heading .elementor-heading-title[class*=elementor-size-]>a{color:inherit;font-size:inherit;line-height:inherit}.elementor-widget-heading .elementor-heading-title.elementor-size-small{font-size:15px}.elementor-widget-heading .elementor-heading-title.elementor-size-medium{font-size:19px}.elementor-widget-heading .elementor-heading-title.elementor-size-large{font-size:29px}.elementor-widget-heading .elementor-heading-title.elementor-size-xl{font-size:39px}.elementor-widget-heading .elementor-heading-title.elementor-size-xxl{font-size:59px}<\/style><h2 class=\"elementor-heading-title elementor-size-default\">A wBox2000 bel\u00e9ptet\u0151 \u00e9s munkaid\u0151 nyilv\u00e1ntart\u00f3 rendszer<\/h2>\t\t<\/div>\n\t\t\t\t<\/div>\n\t\t\t\t<div class=\"elementor-element elementor-element-3567939 elementor-widget elementor-widget-text-editor\" data-id=\"3567939\" data-element_type=\"widget\" data-widget_type=\"text-editor.default\">\n\t\t\t\t<div class=\"elementor-widget-container\">\n\t\t\t<style>\/*! elementor - v3.20.0 - 10-04-2024 *\/\n.elementor-widget-text-editor.elementor-drop-cap-view-stacked .elementor-drop-cap{background-color:#69727d;color:#fff}.elementor-widget-text-editor.elementor-drop-cap-view-framed .elementor-drop-cap{color:#69727d;border:3px solid;background-color:transparent}.elementor-widget-text-editor:not(.elementor-drop-cap-view-default) .elementor-drop-cap{margin-top:8px}.elementor-widget-text-editor:not(.elementor-drop-cap-view-default) .elementor-drop-cap-letter{width:1em;height:1em}.elementor-widget-text-editor .elementor-drop-cap{float:left;text-align:center;line-height:1;font-size:50px}.elementor-widget-text-editor .elementor-drop-cap-letter{display:inline-block}<\/style>\t\t\t\t<ul>\n<li><strong>Kinek aj\u00e1nljuk<\/strong><\/li>\n<\/ul>\n<p>Tetsz\u0151leges m\u00e9retben ki\u00e9p\u00edthet\u0151 a legkisebb egy olvas\u00f3s megold\u00e1st\u00f3l (iroda, lak\u00e1sajt\u00f3, panzi\u00f3, k\u00fcl- vagy belt\u00e9r, soromp\u00f3) a t\u00f6bb t\u00edz olvas\u00f3s nagy rendszerekig. A bel\u00e9p\u0151 szem\u00e9ly vagy g\u00e9pj\u00e1rm\u0171 azonos\u00edt\u00e1s\u00e1ra proximity, k\u00f6zel\u00edt\u0151 k\u00e1rtya, QR k\u00f3d, k\u00f3dsz\u00e1m vagy mobil telefon szolg\u00e1lhat. A rendszer telep\u00edtehet\u0151 az \u00d6n PC-j\u00e9re, egy Raspberry Pi mini sz\u00e1m\u00edt\u00f3g\u00e9pre, de lehet \u00e1ltunk biztos\u00edtott felh\u0151 alap\u00fa el\u00e9r\u00e9s.<\/p>\n<p>A k\u00e1rty\u00e1k \u00e9s k\u00f3dok lej\u00e1rati id\u0151vel (d\u00e1tum, \u00f3ra, perc) l\u00e1that\u00f3ak el, amely panzi\u00f3k, sz\u00e1llod\u00e1k, b\u00e9rl\u0151 rendszerek sz\u00e1m\u00e1ra is hasznos lehet. A lak\u00f3k sz\u00e1m\u00e1ra elegend\u0151 a lej\u00e1rati id\u0151vel ell\u00e1tott k\u00f3dsz\u00e1mot vagy vagy QR k\u00f3dot elk\u00fcldeni, amit mobiljukon is t\u00e1r\u00f3lhatnak, a megadott ideig a rendszer beengedi \u0151ket. A teljes rendszer web fel\u00fcletr\u0151l b\u00f6ng\u00e9sz\u0151vel menedzselhet\u0151, ak\u00e1r mobil eszk\u00f6zr\u0151l is. <a href=\"https:\/\/n1soft.hu\/letoltheto\/wBox2000 ismertet\u0151.pdf\" target=\"_blank\" rel=\"noopener\"><span style=\"text-decoration: underline;\">Let\u00f6lthet\u0151 ismertet\u0151<\/span><\/a><\/p>\n<p>A wBox2000 munkaid\u0151 nyilv\u00e1ntart\u00f3 rendszert kis \u00e9s k\u00f6zepes v\u00e1llalatok, gazd\u00e1lkod\u00f3 szervezetek munkaid\u0151 nyilv\u00e1ntart\u00e1si \u00e9s bel\u00e9ptet\u00e9si feladatainak megold\u00e1s\u00e1ra fejlesztett\u00fck ki. K\u00fcl\u00f6nb\u00f6z\u0151 b\u00e9rl\u0151 rendszerek is sikerrel alkalmazhatj\u00e1k (pl. teremb\u00e9rlet az ott t\u00f6lt\u00f6tt id\u0151vel ar\u00e1nyos fizet\u00e9ssel). Hib\u00e1s kezel\u00e9s, k\u00e1rtya haszn\u00e1lat eset\u00e9n az esem\u00e9nyek ut\u00f3lag korrig\u00e1lhat\u00f3ak. Korszer\u0171 SQL adatb\u00e1zis kezel\u0151 haszn\u00e1lat\u00e1val a megjelen\u00edt\u00e9s web alap\u00fa, \u00edgy online el\u00e9rhet\u0151 t\u00f6bb telephelyr\u0151l, tetsz\u0151leges eszk\u00f6zr\u0151l \u00e9s platformr\u00f3l, bele\u00e9rtve az okos telefonokat is. Sz\u00e1mos kieg\u00e9sz\u00edt\u0151 modul rendelhet\u0151 hozz\u00e1: kamera modul, IO modul, \u0151rj\u00e1rat ellen\u0151rz\u0151, GPS modul.<br><\/p>\n<ul>\n<li><strong>Online munk\u00e1hoz munkaid\u0151 nyilv\u00e1ntart\u00f3 rendszer<\/strong><\/li>\n<\/ul>\n<p><img decoding=\"async\" class=\"size-medium wp-image-600 alignleft\" src=\"https:\/\/wboxpatrol.n1soft.hu\/wp-content\/uploads\/2024\/04\/wboxopen-147x300.png\" alt=\"\" width=\"147\" height=\"300\" srcset=\"https:\/\/n1soft.hu\/wp-content\/uploads\/2024\/04\/wboxopen-147x300.png 147w, https:\/\/n1soft.hu\/wp-content\/uploads\/2024\/04\/wboxopen.png 250w\" sizes=\"(max-width: 147px) 100vw, 147px\" \/><br>A rendszer egy\u00fctt m\u0171k\u00f6dhet a wBoxOpen Androidos alkalmaz\u00e1ssal, amely lehet\u0151v\u00e9 teszi k\u00e1rty\u00e1k \u00e9s olvas\u00f3k n\u00e9lk\u00fcli rendszer ki\u00e9p\u00edt\u00e9s\u00e9t is, \u00e9s ak\u00e1r t\u00f6bb rendszer kezel\u00e9s\u00e9re is alkalmas. K\u00f3dsz\u00e1mokkal nyithat\u00f3k \u00e1tj\u00e1rok, megoldhat\u00f3k t\u00e1vvez\u00e9rl\u00e9si feladatok (t\u00e1voli nyit\u00e1s), k\u00fcldhet esem\u00e9nyeket a munkaid\u0151 nyilv\u00e1ntart\u00f3 rendszernek \u00e9rkez\u00e9s\u00e9r\u0151l, t\u00e1voz\u00e1s\u00e1r\u00f3l (elektronikus jelenl\u00e9ti\u00edv). A koordin\u00e1ta ellen\u0151rz\u00e9s funkci\u00f3val megakad\u00e1lyozhat\u00f3, hogy a telephelyen k\u00edv\u00fclr\u0151l is k\u00fcldj\u00f6n valaki munkaid\u0151 adatot.<\/p>\n<p>Az alkalmaz\u00e1s emellet ig\u00e9ny szerint GPS adatok tov\u00e1bb\u00edt\u00e1sra is szolg\u00e1lhat, adott pontb\u00f3l helyadatok k\u00fcldhet\u0151k az \u00e9rkez\u00e9s igazol\u00e1s\u00e1ul, illetve id\u0151pontal ell\u00e1tva k\u00f6vethet\u0151 a bej\u00e1rt \u00fatvonal, ami \u0151rj\u00e1rat ellen\u0151rz\u00e9sre is alkalmazhat\u00f3. (GPS nyomk\u00f6vet\u00e9s)<\/p>\n<p>A rendszereket folyamatosan fejlesztj\u00fck, egyedi ig\u00e9nyeket, elk\u00e9pzel\u00e9seket is meg tudunk val\u00f3s\u00edtani. Term\u00e9keink a sz\u00fcks\u00e9ges kieg\u00e9sz\u00edt\u0151kkel egy\u00fctt Web\u00e1ruh\u00e1zunkban megv\u00e1s\u00e1rolhat\u00f3k, egy\u00e9nileg is telep\u00edthet\u0151ek, amelyhez seg\u00edts\u00e9get, tan\u00e1csad\u00e1st biztos\u00edtunk. A web\u00e1ruh\u00e1zban nem szerepl\u0151, m\u00e1s, bel\u00e9ptet\u0151 rendszerekhez sz\u00fcks\u00e9ges eszk\u00f6z\u00f6k beszerz\u00e9s\u00e9ben is seg\u00edt\u00fcnk.<\/p>\n<ul>\n<li><strong>M\u0171k\u00f6d\u00e9s<\/strong><\/li>\n<\/ul>\n<p>Egy vagy t\u00f6bb kis er\u0151forr\u00e1s ig\u00e9ny\u0171 adatgy\u0171jt\u0151 program k\u00e9pezi a rendszer alapj\u00e1t, ami a helyi h\u00e1l\u00f3zaton vagy az interneten kereszt\u00fcl kommunik\u00e1l a k\u00e1rtyaolvas\u00f3kkal, \u00e9s azok adatait t\u00e1rolja egy k\u00f6z\u00f6s adatb\u00e1zisban. Az adatgy\u0171jt\u0151h\u00f6z saj\u00e1t szerver sem sz\u00fcks\u00e9ges, felh\u0151 alap\u00fa szolg\u00e1ltat\u00e1st is tudunk hozz\u00e1 ny\u00fajtani.<\/p>\n<p>A felhaszn\u00e1l\u00f3k b\u00f6ng\u00e9sz\u0151n kereszt\u00fcl csatlakoznak a rendszerhez, hajthatnak v\u00e9gre m\u00f3dos\u00edt\u00e1sokat, ind\u00edthatnak lek\u00e9rdez\u00e9seket: k\u00fcl\u00f6nb\u00f6z\u0151 id\u0151tartom\u00e1nyokban \u00e9s rendez\u00e9sben a bel\u00e9p\u0151k list\u00e1j\u00e1t\u00f3l a dolgoz\u00f3k havi munkaidej\u00e9ig, amely k\u00fcl\u00f6n tartalmazhatja a k\u00fcls\u0151 munka \u00e9s a pihen\u0151 id\u0151, eb\u00e9did\u0151, cigaretta sz\u00fcnet, szabadnap \u00f6sszes\u00edt\u00e9s\u00e9t is. A munkarend lehet \u00e1lland\u00f3, rugalmas illetve a bel\u00e9p\u00e9s ideje alapj\u00e1n automatikusan meghat\u00e1rozott.<\/p>\n<ul>\n<li><strong> Vez\u00e9rl\u0151 panel (bel\u00e9ptet\u0151 termin\u00e1l)<\/strong><\/li>\n<\/ul>\n<p>A rendszer r\u00e9sze a saj\u00e1t fejleszt\u00e9s\u0171 \u00e9s gy\u00e1rt\u00e1s\u00fa IP alap\u00fa vezet\u00e9kes <strong>X8IP<\/strong> vagy <strong>X8WiFi<\/strong> vezet\u00e9kn\u00e9lk\u00fcli bel\u00e9ptet\u0151 vez\u00e9rl\u0151 panel\u00fcnk, amely gazdas\u00e1gosan telep\u00edthet\u0151, kev\u00e9s k\u00e1belez\u00e9st ig\u00e9nyel, mivel a t\u00f6bbnyire m\u00e1r ki\u00e9p\u00edtett sz\u00e1m\u00edt\u00f3g\u00e9p h\u00e1l\u00f3zathoz csatlakoztathat\u00f3. Nem csak a helyi h\u00e1l\u00f3zatban m\u0171k\u00f6dhet, hanem b\u00e1rhol felszerelve az interneten kereszt\u00fcl a teljes bel\u00e9ptet\u0151 rendszer integr\u00e1lt r\u00e9sze lehet (t\u00e1voli adatgy\u0171jt\u0151). Alapj\u00e1t k\u00e9pezheti a h\u00e1l\u00f3zaton m\u0171k\u00f6d\u0151 speci\u00e1lis vez\u00e9rl\u00e9si feladatokat ell\u00e1t\u00f3 rendszerek fejleszt\u00e9s\u00e9nek is.<\/p>\t\t\t\t\t\t<\/div>\n\t\t\t\t<\/div>\n\t\t<div class=\"elementor-element elementor-element-95ae530 e-flex e-con-boxed e-con e-child\" data-id=\"95ae530\" data-element_type=\"container\">\n\t\t\t\t\t<div class=\"e-con-inner\">\n\t\t\t\t<div class=\"elementor-element elementor-element-61f7b21 elementor-widget elementor-widget-image\" data-id=\"61f7b21\" data-element_type=\"widget\" data-widget_type=\"image.default\">\n\t\t\t\t<div class=\"elementor-widget-container\">\n\t\t\t<style>\/*! elementor - v3.20.0 - 10-04-2024 *\/\n.elementor-widget-image{text-align:center}.elementor-widget-image a{display:inline-block}.elementor-widget-image a img[src$=\".svg\"]{width:48px}.elementor-widget-image img{vertical-align:middle;display:inline-block}<\/style>\t\t\t\t\t\t\t<figure class=\"wp-caption\">\n\t\t\t\t\t\t\t\t\t\t<img fetchpriority=\"high\" decoding=\"async\" width=\"300\" height=\"238\" src=\"https:\/\/n1soft.hu\/wp-content\/uploads\/2024\/04\/x8ip-panel.jpg\" class=\"attachment-large size-large wp-image-726\" alt=\"\" \/>\t\t\t\t\t\t\t\t\t\t\t<figcaption class=\"widget-image-caption wp-caption-text\">X8IP panel<\/figcaption>\n\t\t\t\t\t\t\t\t\t\t<\/figure>\n\t\t\t\t\t\t\t<\/div>\n\t\t\t\t<\/div>\n\t\t\t\t\t<\/div>\n\t\t\t\t<\/div>\n\t\t\t\t<\/div>\n\t\t<div class=\"elementor-element elementor-element-86acf7a e-con-full e-flex e-con e-child\" data-id=\"86acf7a\" data-element_type=\"container\">\n\t\t\t\t<div class=\"elementor-element elementor-element-aedc39f elementor-widget__width-initial animated-fast elementor-invisible elementor-widget elementor-widget-image\" data-id=\"aedc39f\" data-element_type=\"widget\" data-settings=\"{&quot;_animation&quot;:&quot;zoomIn&quot;}\" data-widget_type=\"image.default\">\n\t\t\t\t<div class=\"elementor-widget-container\">\n\t\t\t\t\t\t\t\t\t\t\t\t\t<img decoding=\"async\" width=\"387\" height=\"1024\" src=\"https:\/\/n1soft.hu\/wp-content\/uploads\/2024\/04\/Belepteto-shadow-387x1024.png\" class=\"attachment-large size-large wp-image-343\" alt=\"\" srcset=\"https:\/\/n1soft.hu\/wp-content\/uploads\/2024\/04\/Belepteto-shadow-387x1024.png 387w, https:\/\/n1soft.hu\/wp-content\/uploads\/2024\/04\/Belepteto-shadow-113x300.png 113w, https:\/\/n1soft.hu\/wp-content\/uploads\/2024\/04\/Belepteto-shadow-580x1536.png 580w, https:\/\/n1soft.hu\/wp-content\/uploads\/2024\/04\/Belepteto-shadow.png 707w\" sizes=\"(max-width: 387px) 100vw, 387px\" \/>\t\t\t\t\t\t\t\t\t\t\t\t\t<\/div>\n\t\t\t\t<\/div>\n\t\t\t\t<\/div>\n\t\t\t\t\t<\/div>\n\t\t\t\t<\/div>\n\t\t\t\t<\/div>\n\t\t","protected":false},"excerpt":{"rendered":"<p>Bel\u00e9ptet\u0151 rendszerek Munkaid\u0151 nyilv\u00e1ntart\u00f3 rendszer A wBox2000 bel\u00e9ptet\u0151 \u00e9s munkaid\u0151 nyilv\u00e1ntart\u00f3 rendszer Kinek aj\u00e1nljuk Tetsz\u0151leges m\u00e9retben ki\u00e9p\u00edthet\u0151 a legkisebb egy olvas\u00f3s megold\u00e1st\u00f3l (iroda, lak\u00e1sajt\u00f3, panzi\u00f3, k\u00fcl- vagy belt\u00e9r, soromp\u00f3) a t\u00f6bb t\u00edz olvas\u00f3s nagy rendszerekig. A bel\u00e9p\u0151 szem\u00e9ly vagy g\u00e9pj\u00e1rm\u0171 azonos\u00edt\u00e1s\u00e1ra proximity, k\u00f6zel\u00edt\u0151 k\u00e1rtya, QR k\u00f3d, k\u00f3dsz\u00e1m vagy mobil telefon szolg\u00e1lhat. A rendszer telep\u00edtehet\u0151 az [&hellip;]<\/p>\n","protected":false},"author":1,"featured_media":0,"parent":0,"menu_order":0,"comment_status":"closed","ping_status":"closed","template":"","meta":{"om_disable_all_campaigns":false,"_monsterinsights_skip_tracking":false,"_monsterinsights_sitenote_active":false,"_monsterinsights_sitenote_note":"","_monsterinsights_sitenote_category":0,"_uf_show_specific_survey":0,"_uf_disable_surveys":false,"ocean_post_layout":"full-screen","ocean_both_sidebars_style":"","ocean_both_sidebars_content_width":0,"ocean_both_sidebars_sidebars_width":0,"ocean_sidebar":"footer-one","ocean_second_sidebar":"","ocean_disable_margins":"on","ocean_add_body_class":"","ocean_shortcode_before_top_bar":"","ocean_shortcode_after_top_bar":"","ocean_shortcode_before_header":"","ocean_shortcode_after_header":"","ocean_has_shortcode":"","ocean_shortcode_after_title":"","ocean_shortcode_before_footer_widgets":"","ocean_shortcode_after_footer_widgets":"","ocean_shortcode_before_footer_bottom":"","ocean_shortcode_after_footer_bottom":"","ocean_display_top_bar":"off","ocean_display_header":"on","ocean_header_style":"","ocean_center_header_left_menu":"","ocean_custom_header_template":"","ocean_custom_logo":0,"ocean_custom_retina_logo":0,"ocean_custom_logo_max_width":0,"ocean_custom_logo_tablet_max_width":0,"ocean_custom_logo_mobile_max_width":0,"ocean_custom_logo_max_height":0,"ocean_custom_logo_tablet_max_height":0,"ocean_custom_logo_mobile_max_height":0,"ocean_header_custom_menu":"5","ocean_menu_typo_font_family":"Arial, Helvetica, sans-serif","ocean_menu_typo_font_subset":"","ocean_menu_typo_font_size":18,"ocean_menu_typo_font_size_tablet":0,"ocean_menu_typo_font_size_mobile":0,"ocean_menu_typo_font_size_unit":"px","ocean_menu_typo_font_weight":"","ocean_menu_typo_font_weight_tablet":"","ocean_menu_typo_font_weight_mobile":"","ocean_menu_typo_transform":"","ocean_menu_typo_transform_tablet":"","ocean_menu_typo_transform_mobile":"","ocean_menu_typo_line_height":40,"ocean_menu_typo_line_height_tablet":0,"ocean_menu_typo_line_height_mobile":0,"ocean_menu_typo_line_height_unit":"","ocean_menu_typo_spacing":0,"ocean_menu_typo_spacing_tablet":0,"ocean_menu_typo_spacing_mobile":0,"ocean_menu_typo_spacing_unit":"","ocean_menu_link_color":"","ocean_menu_link_color_hover":"","ocean_menu_link_color_active":"","ocean_menu_link_background":"","ocean_menu_link_hover_background":"","ocean_menu_link_active_background":"","ocean_menu_social_links_bg":"","ocean_menu_social_hover_links_bg":"","ocean_menu_social_links_color":"","ocean_menu_social_hover_links_color":"","ocean_disable_title":"on","ocean_disable_heading":"enable","ocean_post_title":"","ocean_post_subheading":"","ocean_post_title_style":"","ocean_post_title_background_color":"","ocean_post_title_background":0,"ocean_post_title_bg_image_position":"","ocean_post_title_bg_image_attachment":"","ocean_post_title_bg_image_repeat":"","ocean_post_title_bg_image_size":"","ocean_post_title_height":0,"ocean_post_title_bg_overlay":0.5,"ocean_post_title_bg_overlay_color":"","ocean_disable_breadcrumbs":"default","ocean_breadcrumbs_color":"","ocean_breadcrumbs_separator_color":"","ocean_breadcrumbs_links_color":"","ocean_breadcrumbs_links_hover_color":"","ocean_display_footer_widgets":"off","ocean_display_footer_bottom":"on","ocean_custom_footer_template":"","footnotes":""},"aioseo_notices":[],"_links":{"self":[{"href":"https:\/\/n1soft.hu\/index.php\/wp-json\/wp\/v2\/pages\/497"}],"collection":[{"href":"https:\/\/n1soft.hu\/index.php\/wp-json\/wp\/v2\/pages"}],"about":[{"href":"https:\/\/n1soft.hu\/index.php\/wp-json\/wp\/v2\/types\/page"}],"author":[{"embeddable":true,"href":"https:\/\/n1soft.hu\/index.php\/wp-json\/wp\/v2\/users\/1"}],"replies":[{"embeddable":true,"href":"https:\/\/n1soft.hu\/index.php\/wp-json\/wp\/v2\/comments?post=497"}],"version-history":[{"count":96,"href":"https:\/\/n1soft.hu\/index.php\/wp-json\/wp\/v2\/pages\/497\/revisions"}],"predecessor-version":[{"id":1076,"href":"https:\/\/n1soft.hu\/index.php\/wp-json\/wp\/v2\/pages\/497\/revisions\/1076"}],"wp:attachment":[{"href":"https:\/\/n1soft.hu\/index.php\/wp-json\/wp\/v2\/media?parent=497"}],"curies":[{"name":"wp","href":"https:\/\/api.w.org\/{rel}","templated":true}]}}