{"id":225,"date":"2024-04-14T08:01:55","date_gmt":"2024-04-14T06:01:55","guid":{"rendered":"https:\/\/wboxpatrol.n1soft.hu\/?page_id=225"},"modified":"2025-03-14T11:19:53","modified_gmt":"2025-03-14T10:19:53","slug":"n1soft-weboldal","status":"publish","type":"page","link":"https:\/\/n1soft.hu\/","title":{"rendered":"F\u0151oldal"},"content":{"rendered":"\t\t<div data-elementor-type=\"wp-page\" data-elementor-id=\"225\" class=\"elementor elementor-225\">\n\t\t\t\t<div class=\"elementor-element elementor-element-2562e88 e-con-full e-flex e-con e-parent\" data-id=\"2562e88\" data-element_type=\"container\" data-settings=\"{&quot;background_background&quot;:&quot;classic&quot;}\" data-core-v316-plus=\"true\">\n\t\t\t\t<div class=\"elementor-element elementor-element-e426c7c elementor-widget__width-inherit elementor-absolute elementor-icon-list--layout-traditional elementor-list-item-link-full_width elementor-widget elementor-widget-icon-list\" data-id=\"e426c7c\" data-element_type=\"widget\" data-settings=\"{&quot;_position&quot;:&quot;absolute&quot;}\" data-widget_type=\"icon-list.default\">\n\t\t\t\t<div class=\"elementor-widget-container\">\n\t\t\t<link rel=\"stylesheet\" href=\"https:\/\/n1soft.hu\/wp-content\/plugins\/elementor\/assets\/css\/widget-icon-list.min.css\">\t\t<ul class=\"elementor-icon-list-items\">\n\t\t\t\t\t\t\t<li class=\"elementor-icon-list-item\">\n\t\t\t\t\t\t\t\t\t\t\t<span class=\"elementor-icon-list-icon\">\n\t\t\t\t\t\t\t<svg aria-hidden=\"true\" class=\"e-font-icon-svg e-fas-check-circle\" viewBox=\"0 0 512 512\" xmlns=\"http:\/\/www.w3.org\/2000\/svg\"><path d=\"M504 256c0 136.967-111.033 248-248 248S8 392.967 8 256 119.033 8 256 8s248 111.033 248 248zM227.314 387.314l184-184c6.248-6.248 6.248-16.379 0-22.627l-22.627-22.627c-6.248-6.249-16.379-6.249-22.628 0L216 308.118l-70.059-70.059c-6.248-6.248-16.379-6.248-22.628 0l-22.627 22.627c-6.248 6.248-6.248 16.379 0 22.627l104 104c6.249 6.249 16.379 6.249 22.628.001z\"><\/path><\/svg>\t\t\t\t\t\t<\/span>\n\t\t\t\t\t\t\t\t\t\t<span class=\"elementor-icon-list-text\">Bel\u00e9ptet\u0151 rendszerek<\/span>\n\t\t\t\t\t\t\t\t\t<\/li>\n\t\t\t\t\t\t\t\t<li class=\"elementor-icon-list-item\">\n\t\t\t\t\t\t\t\t\t\t\t<span class=\"elementor-icon-list-icon\">\n\t\t\t\t\t\t\t<svg aria-hidden=\"true\" class=\"e-font-icon-svg e-fas-check-circle\" viewBox=\"0 0 512 512\" xmlns=\"http:\/\/www.w3.org\/2000\/svg\"><path d=\"M504 256c0 136.967-111.033 248-248 248S8 392.967 8 256 119.033 8 256 8s248 111.033 248 248zM227.314 387.314l184-184c6.248-6.248 6.248-16.379 0-22.627l-22.627-22.627c-6.248-6.249-16.379-6.249-22.628 0L216 308.118l-70.059-70.059c-6.248-6.248-16.379-6.248-22.628 0l-22.627 22.627c-6.248 6.248-6.248 16.379 0 22.627l104 104c6.249 6.249 16.379 6.249 22.628.001z\"><\/path><\/svg>\t\t\t\t\t\t<\/span>\n\t\t\t\t\t\t\t\t\t\t<span class=\"elementor-icon-list-text\">Munkaid\u0151 nyilv\u00e1ntart\u00f3 rendszer<\/span>\n\t\t\t\t\t\t\t\t\t<\/li>\n\t\t\t\t\t\t\t\t<li class=\"elementor-icon-list-item\">\n\t\t\t\t\t\t\t\t\t\t\t<span class=\"elementor-icon-list-icon\">\n\t\t\t\t\t\t\t<svg aria-hidden=\"true\" class=\"e-font-icon-svg e-fas-check-circle\" viewBox=\"0 0 512 512\" xmlns=\"http:\/\/www.w3.org\/2000\/svg\"><path d=\"M504 256c0 136.967-111.033 248-248 248S8 392.967 8 256 119.033 8 256 8s248 111.033 248 248zM227.314 387.314l184-184c6.248-6.248 6.248-16.379 0-22.627l-22.627-22.627c-6.248-6.249-16.379-6.249-22.628 0L216 308.118l-70.059-70.059c-6.248-6.248-16.379-6.248-22.628 0l-22.627 22.627c-6.248 6.248-6.248 16.379 0 22.627l104 104c6.249 6.249 16.379 6.249 22.628.001z\"><\/path><\/svg>\t\t\t\t\t\t<\/span>\n\t\t\t\t\t\t\t\t\t\t<span class=\"elementor-icon-list-text\">\u0150rj\u00e1rat ellen\u0151rz\u0151<\/span>\n\t\t\t\t\t\t\t\t\t<\/li>\n\t\t\t\t\t\t\t\t<li class=\"elementor-icon-list-item\">\n\t\t\t\t\t\t\t\t\t\t\t<span class=\"elementor-icon-list-icon\">\n\t\t\t\t\t\t\t<svg aria-hidden=\"true\" class=\"e-font-icon-svg e-fas-check-circle\" viewBox=\"0 0 512 512\" xmlns=\"http:\/\/www.w3.org\/2000\/svg\"><path d=\"M504 256c0 136.967-111.033 248-248 248S8 392.967 8 256 119.033 8 256 8s248 111.033 248 248zM227.314 387.314l184-184c6.248-6.248 6.248-16.379 0-22.627l-22.627-22.627c-6.248-6.249-16.379-6.249-22.628 0L216 308.118l-70.059-70.059c-6.248-6.248-16.379-6.248-22.628 0l-22.627 22.627c-6.248 6.248-6.248 16.379 0 22.627l104 104c6.249 6.249 16.379 6.249 22.628.001z\"><\/path><\/svg>\t\t\t\t\t\t<\/span>\n\t\t\t\t\t\t\t\t\t\t<span class=\"elementor-icon-list-text\">Riaszt\u00f3 rendszerek<\/span>\n\t\t\t\t\t\t\t\t\t<\/li>\n\t\t\t\t\t\t\t\t<li class=\"elementor-icon-list-item\">\n\t\t\t\t\t\t\t\t\t\t\t<span class=\"elementor-icon-list-icon\">\n\t\t\t\t\t\t\t<svg aria-hidden=\"true\" class=\"e-font-icon-svg e-fas-check-circle\" viewBox=\"0 0 512 512\" xmlns=\"http:\/\/www.w3.org\/2000\/svg\"><path d=\"M504 256c0 136.967-111.033 248-248 248S8 392.967 8 256 119.033 8 256 8s248 111.033 248 248zM227.314 387.314l184-184c6.248-6.248 6.248-16.379 0-22.627l-22.627-22.627c-6.248-6.249-16.379-6.249-22.628 0L216 308.118l-70.059-70.059c-6.248-6.248-16.379-6.248-22.628 0l-22.627 22.627c-6.248 6.248-6.248 16.379 0 22.627l104 104c6.249 6.249 16.379 6.249 22.628.001z\"><\/path><\/svg>\t\t\t\t\t\t<\/span>\n\t\t\t\t\t\t\t\t\t\t<span class=\"elementor-icon-list-text\">Vide\u00f3 megfigyel\u0151 rendszerek<\/span>\n\t\t\t\t\t\t\t\t\t<\/li>\n\t\t\t\t\t\t\t\t<li class=\"elementor-icon-list-item\">\n\t\t\t\t\t\t\t\t\t\t\t<span class=\"elementor-icon-list-icon\">\n\t\t\t\t\t\t\t<svg aria-hidden=\"true\" class=\"e-font-icon-svg e-fas-check-circle\" viewBox=\"0 0 512 512\" xmlns=\"http:\/\/www.w3.org\/2000\/svg\"><path d=\"M504 256c0 136.967-111.033 248-248 248S8 392.967 8 256 119.033 8 256 8s248 111.033 248 248zM227.314 387.314l184-184c6.248-6.248 6.248-16.379 0-22.627l-22.627-22.627c-6.248-6.249-16.379-6.249-22.628 0L216 308.118l-70.059-70.059c-6.248-6.248-16.379-6.248-22.628 0l-22.627 22.627c-6.248 6.248-6.248 16.379 0 22.627l104 104c6.249 6.249 16.379 6.249 22.628.001z\"><\/path><\/svg>\t\t\t\t\t\t<\/span>\n\t\t\t\t\t\t\t\t\t\t<span class=\"elementor-icon-list-text\">Szoftver fejleszt\u00e9s<\/span>\n\t\t\t\t\t\t\t\t\t<\/li>\n\t\t\t\t\t\t<\/ul>\n\t\t\t\t<\/div>\n\t\t\t\t<\/div>\n\t\t\t\t<div class=\"elementor-element elementor-element-18e1dcb elementor-absolute elementor-widget elementor-widget-text-editor\" data-id=\"18e1dcb\" data-element_type=\"widget\" data-settings=\"{&quot;_position&quot;:&quot;absolute&quot;}\" data-widget_type=\"text-editor.default\">\n\t\t\t\t<div class=\"elementor-widget-container\">\n\t\t\t<style>\/*! elementor - v3.20.0 - 10-04-2024 *\/\n.elementor-widget-text-editor.elementor-drop-cap-view-stacked .elementor-drop-cap{background-color:#69727d;color:#fff}.elementor-widget-text-editor.elementor-drop-cap-view-framed .elementor-drop-cap{color:#69727d;border:3px solid;background-color:transparent}.elementor-widget-text-editor:not(.elementor-drop-cap-view-default) .elementor-drop-cap{margin-top:8px}.elementor-widget-text-editor:not(.elementor-drop-cap-view-default) .elementor-drop-cap-letter{width:1em;height:1em}.elementor-widget-text-editor .elementor-drop-cap{float:left;text-align:center;line-height:1;font-size:50px}.elementor-widget-text-editor .elementor-drop-cap-letter{display:inline-block}<\/style>\t\t\t\tN1 Soft Elektronikai \u00e9s <br\/> Szolg\u00e1ltat\u00f3 Bt.\t\t\t\t\t\t<\/div>\n\t\t\t\t<\/div>\n\t\t\t\t<\/div>\n\t\t<div class=\"elementor-element elementor-element-499728e e-flex e-con-boxed e-con e-parent\" data-id=\"499728e\" data-element_type=\"container\" data-core-v316-plus=\"true\">\n\t\t\t\t\t<div class=\"e-con-inner\">\n\t\t<div class=\"elementor-element elementor-element-d472838 e-con-full e-flex e-con e-child\" data-id=\"d472838\" data-element_type=\"container\">\n\t\t\t\t<div class=\"elementor-element elementor-element-3da72bf elementor-widget elementor-widget-heading\" data-id=\"3da72bf\" data-element_type=\"widget\" data-widget_type=\"heading.default\">\n\t\t\t\t<div class=\"elementor-widget-container\">\n\t\t\t<style>\/*! elementor - v3.20.0 - 10-04-2024 *\/\n.elementor-heading-title{padding:0;margin:0;line-height:1}.elementor-widget-heading .elementor-heading-title[class*=elementor-size-]>a{color:inherit;font-size:inherit;line-height:inherit}.elementor-widget-heading .elementor-heading-title.elementor-size-small{font-size:15px}.elementor-widget-heading .elementor-heading-title.elementor-size-medium{font-size:19px}.elementor-widget-heading .elementor-heading-title.elementor-size-large{font-size:29px}.elementor-widget-heading .elementor-heading-title.elementor-size-xl{font-size:39px}.elementor-widget-heading .elementor-heading-title.elementor-size-xxl{font-size:59px}<\/style><h2 class=\"elementor-heading-title elementor-size-default\">Bel\u00e9ptet\u0151 \u00e9s munkaid\u0151 nyilv\u00e1ntart\u00f3 rendszerek<\/h2>\t\t<\/div>\n\t\t\t\t<\/div>\n\t\t\t\t<div class=\"elementor-element elementor-element-8749a8e elementor-widget elementor-widget-heading\" data-id=\"8749a8e\" data-element_type=\"widget\" data-widget_type=\"heading.default\">\n\t\t\t\t<div class=\"elementor-widget-container\">\n\t\t\t<h2 class=\"elementor-heading-title elementor-size-default\">Riaszt\u00f3 rendszerek, vide\u00f3 megfigyel\u0151 rendszerek<\/h2>\t\t<\/div>\n\t\t\t\t<\/div>\n\t\t\t\t<div class=\"elementor-element elementor-element-3567939 elementor-widget elementor-widget-text-editor\" data-id=\"3567939\" data-element_type=\"widget\" data-widget_type=\"text-editor.default\">\n\t\t\t\t<div class=\"elementor-widget-container\">\n\t\t\t\t\t\t\t<p>Webszerver alap\u00fa bel\u00e9ptet\u0151 rendszer\u00e9t b\u00e1rhonnan el\u00e9rheti csak egy b\u00f6ng\u00e9sz\u0151 sz\u00fcks\u00e9ges hozz\u00e1. Esem\u00e9ny k\u00fcld\u00e9s k\u00f6zel\u00edt\u00e9ses RFID proximity olvas\u00f3val, QR k\u00f3d olvas\u00f3val, vagy mobil applik\u00e1ci\u00f3val. Online munk\u00e1hoz is haszn\u00e1lhat\u00f3 munkaid\u0151 nyilv\u00e1ntart\u00f3 rendszerk\u00e9nt. Vez\u00e9rl\u0151k vezet\u00e9kes IP vagy WiFi kapcsolattal. A rendszerhez sz\u00e1mos kieg\u00e9sz\u00edt\u0151 modul is rendelkez\u00e9sre \u00e1ll:<\/p>\n<ul>\n<li>Kamera modul: olvas\u00f3 haszn\u00e1latakor k\u00e9sz\u00edt egy felv\u00e9telt az olvas\u00f3 haszn\u00e1l\u00f3j\u00e1r\u00f3l. De m\u00f3d van arra is, hogy az ind\u00edt\u00f3 esem\u00e9ny egy ajt\u00f3 kinyit\u00e1sa legyen.<br><\/li>\n<li>IOModul: helyi mini riaszt\u00f3 rendszer, vez\u00e9relhet\u0151 kimenetek, riaszt\u00e1skor email k\u00fcld\u00e9s<\/li>\n<li>wBoxPatol \u0151rj\u00e1rat ellen\u0151rz\u0151 rendszer<\/li>\n<li>IOModul: mobilos t\u00e1vvez\u00e9rl\u00e9s, h\u0151m\u00e9rs\u00e9klet szenzor, h\u0151m\u00e9rs\u00e9klet grafikon, hat\u00e1r\u00e9rt\u00e9k riaszt\u00e1sok.<\/li>\n<li>GPS nyomk\u00f6vet\u0151 modul, ig\u00e9ny szerint r\u00f6gz\u00edtheti vagy k\u00f6vetheti az esem\u00e9nyt k\u00fcld\u0151 mobil eszk\u00f6z\u00f6k helyzet\u00e9t.<\/li>\n<\/ul>\n<p><a href=\"https:\/\/n1soft.hu\/index.php\/belepteto-rendszer\/\"><span style=\"text-decoration: underline;\">R\u00e9szletek<\/span>.&nbsp; <\/a>Term\u00e9keink <span style=\"text-decoration: underline;\"><a href=\"http:\/\/webaruhaz.n1soft.hu\/\">Web\u00e1ruh\u00e1zunkban<\/a><\/span> megv\u00e1s\u00e1rolhat\u00f3k.<\/p>\t\t\t\t\t\t<\/div>\n\t\t\t\t<\/div>\n\t\t\t\t<div class=\"elementor-element elementor-element-e6cafcc elementor-widget elementor-widget-text-editor\" data-id=\"e6cafcc\" data-element_type=\"widget\" data-widget_type=\"text-editor.default\">\n\t\t\t\t<div class=\"elementor-widget-container\">\n\t\t\t\t\t\t\t<p>Nagyfelbont\u00e1s\u00fa IP kamer\u00e1k k\u00fcl- \u00e9s belt\u00e9rre r\u00f6gz\u00edt\u0151vel ig\u00e9ny szerinti ki\u00e9p\u00edt\u00e9sben, ak\u00e1r az egykamer\u00e1s rendszert\u0151l is (csal\u00e1di h\u00e1zak, irod\u00e1k, rakt\u00e1rak, \u00fczletek). Egyszer\u0171 t\u00e1voli el\u00e9r\u00e9s az interneten kereszt\u00fcl PC-r\u0151l vagy mobil eszk\u00f6zr\u0151l. Riaszt\u00f3 rendszerek vezet\u00e9kes vagy k\u00e1belez\u00e9st nem ig\u00e9nyl\u0151 r\u00e1di\u00f3s adat\u00e1tvitellel. Csatlakoztat\u00e1s t\u00e1vfel\u00fcgyeleti rendszerhez.<br \/><a href=\"https:\/\/n1soft.hu\/index.php\/riaszto-kamera\/\"><span style=\"text-decoration: underline;\">R\u00e9szletek&#8230;<\/span><\/a><\/p>\t\t\t\t\t\t<\/div>\n\t\t\t\t<\/div>\n\t\t\t\t<div class=\"elementor-element elementor-element-58bbe96 elementor-widget elementor-widget-heading\" data-id=\"58bbe96\" data-element_type=\"widget\" data-widget_type=\"heading.default\">\n\t\t\t\t<div class=\"elementor-widget-container\">\n\t\t\t<h2 class=\"elementor-heading-title elementor-size-default\">Szoftverfejleszt\u00e9s<\/h2>\t\t<\/div>\n\t\t\t\t<\/div>\n\t\t\t\t<div class=\"elementor-element elementor-element-38ed365 elementor-widget elementor-widget-text-editor\" data-id=\"38ed365\" data-element_type=\"widget\" data-widget_type=\"text-editor.default\">\n\t\t\t\t<div class=\"elementor-widget-container\">\n\t\t\t\t\t\t\t<p>Be\u00e1gyzott rendszerek (Microchip PIC processzor, Arduino, ESP32, C, C++, JAVA), IoT\u00a0 eszk\u00f6z\u00f6k fejleszt\u00e9se, WiFi, MQTT.<br \/>Egyedi vez\u00e9rl\u00e9sek, m\u00e9r\u00e9sadatgy\u0171jt\u0151 rendszerek,\u00e9rint\u0151k\u00e9perny\u0151s felhaszn\u00e1l\u00f3i fel\u00fcletek (2.4&#8243; &#8211; 10&#8243; touchscreen m\u00e9retek), weblapok, speci\u00e1lis web alkalmaz\u00e1sok (PHP, Javascript, MySQL, Firebird), Android alkalmaz\u00e1sok fejleszt\u00e9se.<\/p>\t\t\t\t\t\t<\/div>\n\t\t\t\t<\/div>\n\t\t\t\t<div class=\"elementor-element elementor-element-281570d elementor-widget__width-initial elementor-widget elementor-widget-image\" data-id=\"281570d\" data-element_type=\"widget\" data-widget_type=\"image.default\">\n\t\t\t\t<div class=\"elementor-widget-container\">\n\t\t\t<style>\/*! elementor - v3.20.0 - 10-04-2024 *\/\n.elementor-widget-image{text-align:center}.elementor-widget-image a{display:inline-block}.elementor-widget-image a img[src$=\".svg\"]{width:48px}.elementor-widget-image img{vertical-align:middle;display:inline-block}<\/style>\t\t\t\t\t\t\t\t\t\t<img decoding=\"async\" width=\"100\" height=\"118\" src=\"https:\/\/n1soft.hu\/wp-content\/uploads\/2024\/04\/magyartermek.jpg\" class=\"attachment-large size-large wp-image-895\" alt=\"\" \/>\t\t\t\t\t\t\t\t\t\t\t\t\t<\/div>\n\t\t\t\t<\/div>\n\t\t\t\t<\/div>\n\t\t<div class=\"elementor-element elementor-element-20ca678 e-con-full e-flex e-con e-child\" data-id=\"20ca678\" data-element_type=\"container\">\n\t\t<div class=\"elementor-element elementor-element-86acf7a e-con-full e-flex e-con e-child\" data-id=\"86acf7a\" data-element_type=\"container\">\n\t\t\t\t<div class=\"elementor-element elementor-element-aedc39f elementor-widget__width-initial animated-fast elementor-widget elementor-widget-image\" data-id=\"aedc39f\" data-element_type=\"widget\" data-settings=\"{&quot;_animation&quot;:&quot;none&quot;}\" data-widget_type=\"image.default\">\n\t\t\t\t<div class=\"elementor-widget-container\">\n\t\t\t\t\t\t\t\t\t\t\t\t\t<img fetchpriority=\"high\" decoding=\"async\" width=\"430\" height=\"246\" src=\"https:\/\/n1soft.hu\/wp-content\/uploads\/2024\/04\/ip_kamera-1.png\" class=\"attachment-large size-large wp-image-599\" alt=\"\" srcset=\"https:\/\/n1soft.hu\/wp-content\/uploads\/2024\/04\/ip_kamera-1.png 430w, https:\/\/n1soft.hu\/wp-content\/uploads\/2024\/04\/ip_kamera-1-300x172.png 300w\" sizes=\"(max-width: 430px) 100vw, 430px\" \/>\t\t\t\t\t\t\t\t\t\t\t\t\t<\/div>\n\t\t\t\t<\/div>\n\t\t\t\t<div class=\"elementor-element elementor-element-cd9fb22 elementor-widget__width-initial elementor-widget elementor-widget-image\" data-id=\"cd9fb22\" data-element_type=\"widget\" data-widget_type=\"image.default\">\n\t\t\t\t<div class=\"elementor-widget-container\">\n\t\t\t\t\t\t\t\t\t\t\t\t\t<img decoding=\"async\" width=\"250\" height=\"509\" src=\"https:\/\/n1soft.hu\/wp-content\/uploads\/2024\/04\/wboxopen.png\" class=\"attachment-large size-large wp-image-600\" alt=\"\" srcset=\"https:\/\/n1soft.hu\/wp-content\/uploads\/2024\/04\/wboxopen.png 250w, https:\/\/n1soft.hu\/wp-content\/uploads\/2024\/04\/wboxopen-147x300.png 147w\" sizes=\"(max-width: 250px) 100vw, 250px\" \/>\t\t\t\t\t\t\t\t\t\t\t\t\t<\/div>\n\t\t\t\t<\/div>\n\t\t\t\t<div class=\"elementor-element elementor-element-7f37030 elementor-widget__width-initial elementor-widget elementor-widget-image\" data-id=\"7f37030\" data-element_type=\"widget\" data-widget_type=\"image.default\">\n\t\t\t\t<div class=\"elementor-widget-container\">\n\t\t\t\t\t\t\t\t\t\t\t\t\t<img loading=\"lazy\" decoding=\"async\" width=\"455\" height=\"816\" src=\"https:\/\/n1soft.hu\/wp-content\/uploads\/2024\/04\/wboxpatrol_alkalmazas.jpg\" class=\"attachment-large size-large wp-image-601\" alt=\"\" srcset=\"https:\/\/n1soft.hu\/wp-content\/uploads\/2024\/04\/wboxpatrol_alkalmazas.jpg 455w, https:\/\/n1soft.hu\/wp-content\/uploads\/2024\/04\/wboxpatrol_alkalmazas-167x300.jpg 167w\" sizes=\"(max-width: 455px) 100vw, 455px\" \/>\t\t\t\t\t\t\t\t\t\t\t\t\t<\/div>\n\t\t\t\t<\/div>\n\t\t\t\t<\/div>\n\t\t<div class=\"elementor-element elementor-element-91545a4 e-con-full e-flex e-con e-child\" data-id=\"91545a4\" data-element_type=\"container\">\n\t\t\t\t<div class=\"elementor-element elementor-element-34517d6 elementor-widget__width-initial animated-fast elementor-invisible elementor-widget elementor-widget-image\" data-id=\"34517d6\" data-element_type=\"widget\" data-settings=\"{&quot;_animation&quot;:&quot;zoomIn&quot;}\" data-widget_type=\"image.default\">\n\t\t\t\t<div class=\"elementor-widget-container\">\n\t\t\t\t\t\t\t\t\t\t\t\t\t<img loading=\"lazy\" decoding=\"async\" width=\"1024\" height=\"658\" src=\"https:\/\/n1soft.hu\/wp-content\/uploads\/2024\/04\/wbox2000-rendszer-1-1024x658.jpg\" class=\"attachment-large size-large wp-image-618\" alt=\"\" srcset=\"https:\/\/n1soft.hu\/wp-content\/uploads\/2024\/04\/wbox2000-rendszer-1-1024x658.jpg 1024w, https:\/\/n1soft.hu\/wp-content\/uploads\/2024\/04\/wbox2000-rendszer-1-300x193.jpg 300w, https:\/\/n1soft.hu\/wp-content\/uploads\/2024\/04\/wbox2000-rendszer-1-768x494.jpg 768w, https:\/\/n1soft.hu\/wp-content\/uploads\/2024\/04\/wbox2000-rendszer-1.jpg 1400w\" sizes=\"(max-width: 1024px) 100vw, 1024px\" \/>\t\t\t\t\t\t\t\t\t\t\t\t\t<\/div>\n\t\t\t\t<\/div>\n\t\t\t\t<\/div>\n\t\t\t\t<\/div>\n\t\t\t\t\t<\/div>\n\t\t\t\t<\/div>\n\t\t\t\t<\/div>\n\t\t","protected":false},"excerpt":{"rendered":"<p>Bel\u00e9ptet\u0151 rendszerek Munkaid\u0151 nyilv\u00e1ntart\u00f3 rendszer \u0150rj\u00e1rat ellen\u0151rz\u0151 Riaszt\u00f3 rendszerek Vide\u00f3 megfigyel\u0151 rendszerek Szoftver fejleszt\u00e9s N1 Soft Elektronikai \u00e9s Szolg\u00e1ltat\u00f3 Bt. Bel\u00e9ptet\u0151 \u00e9s munkaid\u0151 nyilv\u00e1ntart\u00f3 rendszerek Riaszt\u00f3 rendszerek, vide\u00f3 megfigyel\u0151 rendszerek Webszerver alap\u00fa bel\u00e9ptet\u0151 rendszer\u00e9t b\u00e1rhonnan el\u00e9rheti csak egy b\u00f6ng\u00e9sz\u0151 sz\u00fcks\u00e9ges hozz\u00e1. Esem\u00e9ny k\u00fcld\u00e9s k\u00f6zel\u00edt\u00e9ses RFID proximity olvas\u00f3val, QR k\u00f3d olvas\u00f3val, vagy mobil applik\u00e1ci\u00f3val. Online munk\u00e1hoz [&hellip;]<\/p>\n","protected":false},"author":1,"featured_media":0,"parent":0,"menu_order":0,"comment_status":"closed","ping_status":"closed","template":"","meta":{"om_disable_all_campaigns":false,"_monsterinsights_skip_tracking":false,"_monsterinsights_sitenote_active":false,"_monsterinsights_sitenote_note":"","_monsterinsights_sitenote_category":0,"_uf_show_specific_survey":0,"_uf_disable_surveys":false,"ocean_post_layout":"full-screen","ocean_both_sidebars_style":"","ocean_both_sidebars_content_width":0,"ocean_both_sidebars_sidebars_width":0,"ocean_sidebar":"footer-one","ocean_second_sidebar":"","ocean_disable_margins":"on","ocean_add_body_class":"","ocean_shortcode_before_top_bar":"","ocean_shortcode_after_top_bar":"","ocean_shortcode_before_header":"","ocean_shortcode_after_header":"","ocean_has_shortcode":"","ocean_shortcode_after_title":"","ocean_shortcode_before_footer_widgets":"","ocean_shortcode_after_footer_widgets":"","ocean_shortcode_before_footer_bottom":"","ocean_shortcode_after_footer_bottom":"","ocean_display_top_bar":"off","ocean_display_header":"on","ocean_header_style":"","ocean_center_header_left_menu":"","ocean_custom_header_template":"","ocean_custom_logo":0,"ocean_custom_retina_logo":0,"ocean_custom_logo_max_width":0,"ocean_custom_logo_tablet_max_width":0,"ocean_custom_logo_mobile_max_width":0,"ocean_custom_logo_max_height":0,"ocean_custom_logo_tablet_max_height":0,"ocean_custom_logo_mobile_max_height":0,"ocean_header_custom_menu":"5","ocean_menu_typo_font_family":"Arial, Helvetica, sans-serif","ocean_menu_typo_font_subset":"","ocean_menu_typo_font_size":16,"ocean_menu_typo_font_size_tablet":0,"ocean_menu_typo_font_size_mobile":0,"ocean_menu_typo_font_size_unit":"px","ocean_menu_typo_font_weight":"","ocean_menu_typo_font_weight_tablet":"","ocean_menu_typo_font_weight_mobile":"","ocean_menu_typo_transform":"","ocean_menu_typo_transform_tablet":"","ocean_menu_typo_transform_mobile":"","ocean_menu_typo_line_height":40,"ocean_menu_typo_line_height_tablet":0,"ocean_menu_typo_line_height_mobile":0,"ocean_menu_typo_line_height_unit":"","ocean_menu_typo_spacing":0,"ocean_menu_typo_spacing_tablet":0,"ocean_menu_typo_spacing_mobile":0,"ocean_menu_typo_spacing_unit":"","ocean_menu_link_color":"#000000","ocean_menu_link_color_hover":"","ocean_menu_link_color_active":"","ocean_menu_link_background":"","ocean_menu_link_hover_background":"","ocean_menu_link_active_background":"","ocean_menu_social_links_bg":"","ocean_menu_social_hover_links_bg":"","ocean_menu_social_links_color":"","ocean_menu_social_hover_links_color":"","ocean_disable_title":"on","ocean_disable_heading":"enable","ocean_post_title":"","ocean_post_subheading":"","ocean_post_title_style":"","ocean_post_title_background_color":"","ocean_post_title_background":0,"ocean_post_title_bg_image_position":"","ocean_post_title_bg_image_attachment":"","ocean_post_title_bg_image_repeat":"","ocean_post_title_bg_image_size":"","ocean_post_title_height":0,"ocean_post_title_bg_overlay":0.5,"ocean_post_title_bg_overlay_color":"","ocean_disable_breadcrumbs":"default","ocean_breadcrumbs_color":"","ocean_breadcrumbs_separator_color":"","ocean_breadcrumbs_links_color":"","ocean_breadcrumbs_links_hover_color":"","ocean_display_footer_widgets":"off","ocean_display_footer_bottom":"on","ocean_custom_footer_template":"","footnotes":""},"aioseo_notices":[],"_links":{"self":[{"href":"https:\/\/n1soft.hu\/index.php\/wp-json\/wp\/v2\/pages\/225"}],"collection":[{"href":"https:\/\/n1soft.hu\/index.php\/wp-json\/wp\/v2\/pages"}],"about":[{"href":"https:\/\/n1soft.hu\/index.php\/wp-json\/wp\/v2\/types\/page"}],"author":[{"embeddable":true,"href":"https:\/\/n1soft.hu\/index.php\/wp-json\/wp\/v2\/users\/1"}],"replies":[{"embeddable":true,"href":"https:\/\/n1soft.hu\/index.php\/wp-json\/wp\/v2\/comments?post=225"}],"version-history":[{"count":320,"href":"https:\/\/n1soft.hu\/index.php\/wp-json\/wp\/v2\/pages\/225\/revisions"}],"predecessor-version":[{"id":1080,"href":"https:\/\/n1soft.hu\/index.php\/wp-json\/wp\/v2\/pages\/225\/revisions\/1080"}],"wp:attachment":[{"href":"https:\/\/n1soft.hu\/index.php\/wp-json\/wp\/v2\/media?parent=225"}],"curies":[{"name":"wp","href":"https:\/\/api.w.org\/{rel}","templated":true}]}}