{"id":1055,"date":"2024-05-22T09:43:56","date_gmt":"2024-05-22T07:43:56","guid":{"rendered":"https:\/\/n1soft.hu\/?page_id=1055"},"modified":"2024-05-22T09:48:27","modified_gmt":"2024-05-22T07:48:27","slug":"wboxopen-adatvedelmi-iranyelvek","status":"publish","type":"page","link":"https:\/\/n1soft.hu\/index.php\/wboxopen-adatvedelmi-iranyelvek\/","title":{"rendered":"wBoxOpen adatv\u00e9delmi ir\u00e1nyelvek"},"content":{"rendered":"\t\t<div data-elementor-type=\"wp-page\" data-elementor-id=\"1055\" class=\"elementor elementor-1055\">\n\t\t\t\t<div class=\"elementor-element elementor-element-2562e88 e-con-full e-flex e-con e-parent\" data-id=\"2562e88\" data-element_type=\"container\" data-settings=\"{&quot;background_background&quot;:&quot;classic&quot;}\" data-core-v316-plus=\"true\">\n\t\t\t\t<div class=\"elementor-element elementor-element-e426c7c elementor-widget__width-inherit elementor-absolute elementor-icon-list--layout-traditional elementor-list-item-link-full_width elementor-widget elementor-widget-icon-list\" data-id=\"e426c7c\" data-element_type=\"widget\" data-settings=\"{&quot;_position&quot;:&quot;absolute&quot;}\" data-widget_type=\"icon-list.default\">\n\t\t\t\t<div class=\"elementor-widget-container\">\n\t\t\t<link rel=\"stylesheet\" href=\"https:\/\/n1soft.hu\/wp-content\/plugins\/elementor\/assets\/css\/widget-icon-list.min.css\">\t\t<ul class=\"elementor-icon-list-items\">\n\t\t\t\t\t\t\t<li class=\"elementor-icon-list-item\">\n\t\t\t\t\t\t\t\t\t\t\t<span class=\"elementor-icon-list-icon\">\n\t\t\t\t\t\t\t<svg aria-hidden=\"true\" class=\"e-font-icon-svg e-fas-check-circle\" viewBox=\"0 0 512 512\" xmlns=\"http:\/\/www.w3.org\/2000\/svg\"><path d=\"M504 256c0 136.967-111.033 248-248 248S8 392.967 8 256 119.033 8 256 8s248 111.033 248 248zM227.314 387.314l184-184c6.248-6.248 6.248-16.379 0-22.627l-22.627-22.627c-6.248-6.249-16.379-6.249-22.628 0L216 308.118l-70.059-70.059c-6.248-6.248-16.379-6.248-22.628 0l-22.627 22.627c-6.248 6.248-6.248 16.379 0 22.627l104 104c6.249 6.249 16.379 6.249 22.628.001z\"><\/path><\/svg>\t\t\t\t\t\t<\/span>\n\t\t\t\t\t\t\t\t\t\t<span class=\"elementor-icon-list-text\">wBoxOpen alkalmaz\u00e1s<\/span>\n\t\t\t\t\t\t\t\t\t<\/li>\n\t\t\t\t\t\t<\/ul>\n\t\t\t\t<\/div>\n\t\t\t\t<\/div>\n\t\t\t\t<\/div>\n\t\t<div class=\"elementor-element elementor-element-499728e e-flex e-con-boxed e-con e-parent\" data-id=\"499728e\" data-element_type=\"container\" data-core-v316-plus=\"true\">\n\t\t\t\t\t<div class=\"e-con-inner\">\n\t\t<div class=\"elementor-element elementor-element-d472838 e-con-full e-flex e-con e-child\" data-id=\"d472838\" data-element_type=\"container\">\n\t\t\t\t<div class=\"elementor-element elementor-element-3da72bf elementor-widget elementor-widget-heading\" data-id=\"3da72bf\" data-element_type=\"widget\" data-widget_type=\"heading.default\">\n\t\t\t\t<div class=\"elementor-widget-container\">\n\t\t\t<style>\/*! elementor - v3.20.0 - 10-04-2024 *\/\n.elementor-heading-title{padding:0;margin:0;line-height:1}.elementor-widget-heading .elementor-heading-title[class*=elementor-size-]>a{color:inherit;font-size:inherit;line-height:inherit}.elementor-widget-heading .elementor-heading-title.elementor-size-small{font-size:15px}.elementor-widget-heading .elementor-heading-title.elementor-size-medium{font-size:19px}.elementor-widget-heading .elementor-heading-title.elementor-size-large{font-size:29px}.elementor-widget-heading .elementor-heading-title.elementor-size-xl{font-size:39px}.elementor-widget-heading .elementor-heading-title.elementor-size-xxl{font-size:59px}<\/style><h2 class=\"elementor-heading-title elementor-size-default\">wBoxOpen mobil alkalmaz\u00e1s adatv\u00e9delmi ir\u00e1nyelvek\n<\/h2>\t\t<\/div>\n\t\t\t\t<\/div>\n\t\t\t\t<div class=\"elementor-element elementor-element-3567939 elementor-widget elementor-widget-text-editor\" data-id=\"3567939\" data-element_type=\"widget\" data-widget_type=\"text-editor.default\">\n\t\t\t\t<div class=\"elementor-widget-container\">\n\t\t\t<style>\/*! elementor - v3.20.0 - 10-04-2024 *\/\n.elementor-widget-text-editor.elementor-drop-cap-view-stacked .elementor-drop-cap{background-color:#69727d;color:#fff}.elementor-widget-text-editor.elementor-drop-cap-view-framed .elementor-drop-cap{color:#69727d;border:3px solid;background-color:transparent}.elementor-widget-text-editor:not(.elementor-drop-cap-view-default) .elementor-drop-cap{margin-top:8px}.elementor-widget-text-editor:not(.elementor-drop-cap-view-default) .elementor-drop-cap-letter{width:1em;height:1em}.elementor-widget-text-editor .elementor-drop-cap{float:left;text-align:center;line-height:1;font-size:50px}.elementor-widget-text-editor .elementor-drop-cap-letter{display:inline-block}<\/style>\t\t\t\t<p>Az <strong>N1Soft Bt.<\/strong> \u00e1ltal fejlesztett <strong>wBoxOpen<\/strong> alkalmaz\u00e1s ny\u00fajtotta szolg\u00e1ltat\u00e1s ig\u00e9nybev\u00e9tel\u00e9hez nem sz\u00fcks\u00e9ges szem\u00e9lyes adatok megad\u00e1sa. Az alkalmaz\u00e1s nem gy\u0171jt \u00e9s t\u00e1rol szem\u00e9lyes adatokat.<\/p><p>A GPS adatk\u00fcld\u00e9s a be\u00e1ll\u00edt\u00e1sok men\u00fcben enged\u00e9lyezhet\u0151 vagy tilthat\u00f3. Tilt\u00e1s eset\u00e9n semmilyen helyadatot nem k\u00fcld \u00e9s t\u00e1rol az alkalmaz\u00e1s.<\/p><p>A fentiek alapj\u00e1n a GPS enged\u00e9lyez\u00e9se \u00e9s m\u0171k\u00f6dtet\u00e9se a haszn\u00e1l\u00f3 szem\u00e9ly tudt\u00e1val t\u00f6rt\u00e9nik, \u00f6nk\u00e9ntes alap\u00fa. Az adatok gy\u0171jt\u00e9se \u00e9s tov\u00e1bb\u00edt\u00e1sa csak fut\u00f3 alkalmaz\u00e1s mellett t\u00f6rt\u00e9nik. Ha az alkalmaz\u00e1st le\u00e1ll\u00edtj\u00e1k, semmilyen helyadatot nem k\u00fcld \u00e9s t\u00e1rol.<\/p><p>Az adatgy\u0171jt\u00e9st v\u00e9gz\u0151 <strong>wBox2000<\/strong> rendszerben t\u00e1rolt GPS adatok v\u00e9dettek, csak a rendszert fel\u00fcgyel\u0151 erre feljogos\u00edtott szem\u00e9ly sz\u00e1m\u00e1ra el\u00e9rhet\u0151k, azokba kiz\u00e1r\u00f3lag neki van betekint\u00e9se.<\/p><p>Amennyiben az adatkezel\u00e9sben \u00e9rintett szem\u00e9ly \u00fagy \u00e9rzi, hogy a jelen t\u00e1j\u00e9koztat\u00f3ban foglaltakon t\u00falmen\u0151en tov\u00e1bbi k\u00e9rd\u00e9se van, vagy a t\u00e1j\u00e9koztat\u00f3 valamely r\u00e9sze sz\u00e1m\u00e1ra nem egy\u00e9rtelm\u0171, magyar\u00e1zatra szorul, k\u00e9rj\u00fck, hogy l\u00e9pjen kapcsolatba vel\u00fcnk az al\u00e1bbi e-mail c\u00edmen: <strong><em>kapcsolat@n1soft.hu<\/em><\/strong><\/p>\t\t\t\t\t\t<\/div>\n\t\t\t\t<\/div>\n\t\t\t\t<\/div>\n\t\t\t\t\t<\/div>\n\t\t\t\t<\/div>\n\t\t\t\t<\/div>\n\t\t","protected":false},"excerpt":{"rendered":"<p>wBoxOpen alkalmaz\u00e1s wBoxOpen mobil alkalmaz\u00e1s adatv\u00e9delmi ir\u00e1nyelvek Az N1Soft Bt. \u00e1ltal fejlesztett wBoxOpen alkalmaz\u00e1s ny\u00fajtotta szolg\u00e1ltat\u00e1s ig\u00e9nybev\u00e9tel\u00e9hez nem sz\u00fcks\u00e9ges szem\u00e9lyes adatok megad\u00e1sa. Az alkalmaz\u00e1s nem gy\u0171jt \u00e9s t\u00e1rol szem\u00e9lyes adatokat. A GPS adatk\u00fcld\u00e9s a be\u00e1ll\u00edt\u00e1sok men\u00fcben enged\u00e9lyezhet\u0151 vagy tilthat\u00f3. Tilt\u00e1s eset\u00e9n semmilyen helyadatot nem k\u00fcld \u00e9s t\u00e1rol az alkalmaz\u00e1s. A fentiek alapj\u00e1n a GPS enged\u00e9lyez\u00e9se [&hellip;]<\/p>\n","protected":false},"author":1,"featured_media":0,"parent":0,"menu_order":0,"comment_status":"closed","ping_status":"closed","template":"","meta":{"om_disable_all_campaigns":false,"_monsterinsights_skip_tracking":false,"_monsterinsights_sitenote_active":false,"_monsterinsights_sitenote_note":"","_monsterinsights_sitenote_category":0,"_uf_show_specific_survey":0,"_uf_disable_surveys":false,"ocean_post_layout":"full-screen","ocean_both_sidebars_style":"","ocean_both_sidebars_content_width":0,"ocean_both_sidebars_sidebars_width":0,"ocean_sidebar":"footer-one","ocean_second_sidebar":"","ocean_disable_margins":"on","ocean_add_body_class":"","ocean_shortcode_before_top_bar":"","ocean_shortcode_after_top_bar":"","ocean_shortcode_before_header":"","ocean_shortcode_after_header":"","ocean_has_shortcode":"","ocean_shortcode_after_title":"","ocean_shortcode_before_footer_widgets":"","ocean_shortcode_after_footer_widgets":"","ocean_shortcode_before_footer_bottom":"","ocean_shortcode_after_footer_bottom":"","ocean_display_top_bar":"off","ocean_display_header":"on","ocean_header_style":"","ocean_center_header_left_menu":"","ocean_custom_header_template":"","ocean_custom_logo":0,"ocean_custom_retina_logo":0,"ocean_custom_logo_max_width":0,"ocean_custom_logo_tablet_max_width":0,"ocean_custom_logo_mobile_max_width":0,"ocean_custom_logo_max_height":0,"ocean_custom_logo_tablet_max_height":0,"ocean_custom_logo_mobile_max_height":0,"ocean_header_custom_menu":"5","ocean_menu_typo_font_family":"Arial, Helvetica, sans-serif","ocean_menu_typo_font_subset":"","ocean_menu_typo_font_size":20,"ocean_menu_typo_font_size_tablet":0,"ocean_menu_typo_font_size_mobile":0,"ocean_menu_typo_font_size_unit":"px","ocean_menu_typo_font_weight":"","ocean_menu_typo_font_weight_tablet":"","ocean_menu_typo_font_weight_mobile":"","ocean_menu_typo_transform":"","ocean_menu_typo_transform_tablet":"","ocean_menu_typo_transform_mobile":"","ocean_menu_typo_line_height":82,"ocean_menu_typo_line_height_tablet":0,"ocean_menu_typo_line_height_mobile":0,"ocean_menu_typo_line_height_unit":"","ocean_menu_typo_spacing":0,"ocean_menu_typo_spacing_tablet":0,"ocean_menu_typo_spacing_mobile":0,"ocean_menu_typo_spacing_unit":"","ocean_menu_link_color":"","ocean_menu_link_color_hover":"","ocean_menu_link_color_active":"","ocean_menu_link_background":"","ocean_menu_link_hover_background":"","ocean_menu_link_active_background":"","ocean_menu_social_links_bg":"","ocean_menu_social_hover_links_bg":"","ocean_menu_social_links_color":"","ocean_menu_social_hover_links_color":"","ocean_disable_title":"on","ocean_disable_heading":"enable","ocean_post_title":"","ocean_post_subheading":"","ocean_post_title_style":"","ocean_post_title_background_color":"","ocean_post_title_background":0,"ocean_post_title_bg_image_position":"","ocean_post_title_bg_image_attachment":"","ocean_post_title_bg_image_repeat":"","ocean_post_title_bg_image_size":"","ocean_post_title_height":0,"ocean_post_title_bg_overlay":0.5,"ocean_post_title_bg_overlay_color":"","ocean_disable_breadcrumbs":"default","ocean_breadcrumbs_color":"","ocean_breadcrumbs_separator_color":"","ocean_breadcrumbs_links_color":"","ocean_breadcrumbs_links_hover_color":"","ocean_display_footer_widgets":"off","ocean_display_footer_bottom":"on","ocean_custom_footer_template":"","footnotes":""},"aioseo_notices":[],"_links":{"self":[{"href":"https:\/\/n1soft.hu\/index.php\/wp-json\/wp\/v2\/pages\/1055"}],"collection":[{"href":"https:\/\/n1soft.hu\/index.php\/wp-json\/wp\/v2\/pages"}],"about":[{"href":"https:\/\/n1soft.hu\/index.php\/wp-json\/wp\/v2\/types\/page"}],"author":[{"embeddable":true,"href":"https:\/\/n1soft.hu\/index.php\/wp-json\/wp\/v2\/users\/1"}],"replies":[{"embeddable":true,"href":"https:\/\/n1soft.hu\/index.php\/wp-json\/wp\/v2\/comments?post=1055"}],"version-history":[{"count":7,"href":"https:\/\/n1soft.hu\/index.php\/wp-json\/wp\/v2\/pages\/1055\/revisions"}],"predecessor-version":[{"id":1062,"href":"https:\/\/n1soft.hu\/index.php\/wp-json\/wp\/v2\/pages\/1055\/revisions\/1062"}],"wp:attachment":[{"href":"https:\/\/n1soft.hu\/index.php\/wp-json\/wp\/v2\/media?parent=1055"}],"curies":[{"name":"wp","href":"https:\/\/api.w.org\/{rel}","templated":true}]}}